{"id":488,"date":"2025-04-18T00:51:09","date_gmt":"2025-04-18T00:51:09","guid":{"rendered":"https:\/\/pharmaciedegardetanger.site\/?page_id=488"},"modified":"2025-09-26T15:14:16","modified_gmt":"2025-09-26T15:14:16","slug":"livraison-de-medicaments-a-domicile-a-tanger","status":"publish","type":"page","link":"https:\/\/pharmaciedegardetanger.site\/en\/livraison-de-medicaments-a-domicile-a-tanger\/","title":{"rendered":"Livraison de M\u00e9dicaments \u00e0 Domicile \u00e0 Tanger"},"content":{"rendered":"<div data-elementor-type=\"wp-page\" data-elementor-id=\"488\" class=\"elementor elementor-488\">\n\t\t\t\t<div class=\"elementor-element elementor-element-9814ac2 e-flex e-con-boxed e-con e-parent\" data-id=\"9814ac2\" data-element_type=\"container\" data-e-type=\"container\">\n\t\t\t\t\t<div class=\"e-con-inner\">\n\t\t<div class=\"elementor-element elementor-element-a2db581 e-con-full e-flex e-con e-child\" data-id=\"a2db581\" data-element_type=\"container\" data-e-type=\"container\">\n\t\t\t\t<div class=\"elementor-element elementor-element-94833a2 elementor-widget elementor-widget-heading\" data-id=\"94833a2\" data-element_type=\"widget\" data-e-type=\"widget\" data-widget_type=\"heading.default\">\n\t\t\t\t<div class=\"elementor-widget-container\">\n\t\t\t\t\t<h1 class=\"elementor-heading-title elementor-size-default\">Livraison de M\u00e9dicaments \u00e0 Domicile \u00e0 Tanger<\/h1>\t\t\t\t<\/div>\n\t\t\t\t<\/div>\n\t\t\t\t<\/div>\n\t\t\t\t\t<\/div>\n\t\t\t\t<\/div>\n\t\t<div class=\"elementor-element elementor-element-79546b6 e-flex e-con-boxed e-con e-parent\" data-id=\"79546b6\" data-element_type=\"container\" data-e-type=\"container\">\n\t\t\t\t\t<div class=\"e-con-inner\">\n\t\t\t\t<div class=\"elementor-element elementor-element-0286cc6 elementor-widget elementor-widget-text-editor\" data-id=\"0286cc6\" data-element_type=\"widget\" data-e-type=\"widget\" data-widget_type=\"text-editor.default\">\n\t\t\t\t<div class=\"elementor-widget-container\">\n\t\t\t\t\t\t\t\t\t<p class=\"\" data-start=\"349\" data-end=\"579\">Besoin de recevoir vos m\u00e9dicaments sans quitter votre domicile ? Le service de <strong data-start=\"428\" data-end=\"476\">livraison de m\u00e9dicaments \u00e0 domicile \u00e0 Tanger<\/strong> vous facilite la vie, en particulier en cas de maladie, d\u2019urgence ou d\u2019impossibilit\u00e9 de vous d\u00e9placer.<\/p><p class=\"\" data-start=\"581\" data-end=\"747\">Chez <a href=\"https:\/\/pharmaciedegardetanger.site\/en\/\"><strong data-start=\"586\" data-end=\"615\">Pharmacie de Garde Tanger<\/strong><\/a>, nous mettons \u00e0 votre disposition un service <strong data-start=\"661\" data-end=\"697\">rapide, s\u00fbr et disponible 24h\/24<\/strong>, m\u00eame la nuit, les week-ends et les jours f\u00e9ri\u00e9s.<\/p>\t\t\t\t\t\t\t\t<\/div>\n\t\t\t\t<\/div>\n\t\t\t\t\t<\/div>\n\t\t\t\t<\/div>\n\t\t<div class=\"elementor-element elementor-element-d58450d e-flex e-con-boxed e-con e-parent\" data-id=\"d58450d\" data-element_type=\"container\" data-e-type=\"container\">\n\t\t\t\t\t<div class=\"e-con-inner\">\n\t\t<div class=\"elementor-element elementor-element-ae9c1a8 e-con-full e-flex e-con e-child\" data-id=\"ae9c1a8\" data-element_type=\"container\" data-e-type=\"container\">\n\t\t\t\t<div class=\"elementor-element elementor-element-36631e0 elementor-widget elementor-widget-image\" data-id=\"36631e0\" data-element_type=\"widget\" data-e-type=\"widget\" data-widget_type=\"image.default\">\n\t\t\t\t<div class=\"elementor-widget-container\">\n\t\t\t\t\t\t\t\t\t\t\t\t\t\t\t<img fetchpriority=\"high\" decoding=\"async\" width=\"1024\" height=\"1024\" src=\"https:\/\/pharmaciedegardetanger.site\/wp-content\/uploads\/2025\/04\/\u2014Pngtree\u2014a-man-and-courier-riding_6464344-1024x1024.png\" class=\"attachment-large size-large wp-image-492\" alt=\"\ud83d\udef5 Livraison de M\u00e9dicaments \u00e0 Domicile \u00e0 Tanger\" srcset=\"https:\/\/pharmaciedegardetanger.site\/wp-content\/uploads\/2025\/04\/\u2014Pngtree\u2014a-man-and-courier-riding_6464344-1024x1024.png 1024w, https:\/\/pharmaciedegardetanger.site\/wp-content\/uploads\/2025\/04\/\u2014Pngtree\u2014a-man-and-courier-riding_6464344-300x300.png 300w, https:\/\/pharmaciedegardetanger.site\/wp-content\/uploads\/2025\/04\/\u2014Pngtree\u2014a-man-and-courier-riding_6464344-150x150.png 150w, https:\/\/pharmaciedegardetanger.site\/wp-content\/uploads\/2025\/04\/\u2014Pngtree\u2014a-man-and-courier-riding_6464344-768x768.png 768w, https:\/\/pharmaciedegardetanger.site\/wp-content\/uploads\/2025\/04\/\u2014Pngtree\u2014a-man-and-courier-riding_6464344.png 1200w\" sizes=\"(max-width: 1024px) 100vw, 1024px\" \/>\t\t\t\t\t\t\t\t\t\t\t\t\t\t\t<\/div>\n\t\t\t\t<\/div>\n\t\t\t\t<div class=\"elementor-element elementor-element-6ded6eb elementor-widget elementor-widget-heading\" data-id=\"6ded6eb\" data-element_type=\"widget\" data-e-type=\"widget\" data-widget_type=\"heading.default\">\n\t\t\t\t<div class=\"elementor-widget-container\">\n\t\t\t\t\t<h2 class=\"elementor-heading-title elementor-size-default\">\ud83d\udc8a Comment \u00e7a fonctionne ?\n<\/h2>\t\t\t\t<\/div>\n\t\t\t\t<\/div>\n\t\t\t\t<div class=\"elementor-element elementor-element-d1139d2 elementor-widget elementor-widget-text-editor\" data-id=\"d1139d2\" data-element_type=\"widget\" data-e-type=\"widget\" data-widget_type=\"text-editor.default\">\n\t\t\t\t<div class=\"elementor-widget-container\">\n\t\t\t\t\t\t\t\t\t<ol data-start=\"781\" data-end=\"968\"><li class=\"\" data-start=\"781\" data-end=\"846\"><p class=\"\" data-start=\"784\" data-end=\"846\"><strong data-start=\"784\" data-end=\"812\">Envoyez votre ordonnance<\/strong> (si n\u00e9cessaire) via WhatsApp \ud83d\udcf1<\/p><\/li><li class=\"\" data-start=\"847\" data-end=\"896\"><p class=\"\" data-start=\"850\" data-end=\"896\"><strong data-start=\"850\" data-end=\"885\">Indiquez votre adresse compl\u00e8te<\/strong> \u00e0 Tanger<\/p><\/li><li class=\"\" data-start=\"897\" data-end=\"968\"><p class=\"\" data-start=\"900\" data-end=\"968\"><strong data-start=\"900\" data-end=\"927\">Recevez vos m\u00e9dicaments<\/strong> \u00e0 domicile en <strong data-start=\"942\" data-end=\"965\">moins de 30 minutes<\/strong> \ud83d\udd52<\/p><\/li><\/ol><p class=\"\" data-start=\"970\" data-end=\"1096\">Nous assurons un traitement confidentiel de votre commande et collaborons uniquement avec des <strong data-start=\"1064\" data-end=\"1095\">pharmacies agr\u00e9\u00e9es \u00e0 Tanger<\/strong>.<\/p>\t\t\t\t\t\t\t\t<\/div>\n\t\t\t\t<\/div>\n\t\t\t\t<\/div>\n\t\t\t\t\t<\/div>\n\t\t\t\t<\/div>\n\t\t<div class=\"elementor-element elementor-element-9b38220 e-flex e-con-boxed e-con e-parent\" data-id=\"9b38220\" data-element_type=\"container\" data-e-type=\"container\">\n\t\t\t\t\t<div class=\"e-con-inner\">\n\t\t<div class=\"elementor-element elementor-element-f4cacb0 e-con-full e-flex e-con e-child\" data-id=\"f4cacb0\" data-element_type=\"container\" data-e-type=\"container\">\n\t\t\t\t<div class=\"elementor-element elementor-element-0c2f5cb elementor-widget elementor-widget-heading\" data-id=\"0c2f5cb\" data-element_type=\"widget\" data-e-type=\"widget\" data-widget_type=\"heading.default\">\n\t\t\t\t<div class=\"elementor-widget-container\">\n\t\t\t\t\t<h3 class=\"elementor-heading-title elementor-size-default\">\u2705 Pourquoi choisir notre service de livraison de m\u00e9dicaments \u00e0 Tanger ?\n<\/h3>\t\t\t\t<\/div>\n\t\t\t\t<\/div>\n\t\t\t\t<div class=\"elementor-element elementor-element-bce99bc elementor-widget elementor-widget-text-editor\" data-id=\"bce99bc\" data-element_type=\"widget\" data-e-type=\"widget\" data-widget_type=\"text-editor.default\">\n\t\t\t\t<div class=\"elementor-widget-container\">\n\t\t\t\t\t\t\t\t\t<ul data-start=\"1180\" data-end=\"1402\"><li class=\"\" data-start=\"1180\" data-end=\"1229\"><p class=\"\" data-start=\"1182\" data-end=\"1229\">Livraison ultra-rapide en moins de 30 minutes<\/p><\/li><li class=\"\" data-start=\"1230\" data-end=\"1259\"><p class=\"\" data-start=\"1232\" data-end=\"1259\">Disponible 24h\/24 et 7j\/7<\/p><\/li><li class=\"\" data-start=\"1260\" data-end=\"1309\"><p class=\"\" data-start=\"1262\" data-end=\"1309\">Couverture compl\u00e8te de Tanger et ses environs<\/p><\/li><li class=\"\" data-start=\"1310\" data-end=\"1356\"><p class=\"\" data-start=\"1312\" data-end=\"1356\">Service discret, s\u00e9curis\u00e9 et professionnel<\/p><\/li><li class=\"\" data-start=\"1357\" data-end=\"1402\"><p class=\"\" data-start=\"1359\" data-end=\"1402\">\u00c9conomie de temps, d\u2019effort et de transport<\/p><\/li><\/ul>\t\t\t\t\t\t\t\t<\/div>\n\t\t\t\t<\/div>\n\t\t\t\t<\/div>\n\t\t\t\t\t<\/div>\n\t\t\t\t<\/div>\n\t\t<div class=\"elementor-element elementor-element-9754a2c e-flex e-con-boxed e-con e-parent\" data-id=\"9754a2c\" data-element_type=\"container\" data-e-type=\"container\">\n\t\t\t\t\t<div class=\"e-con-inner\">\n\t\t<div class=\"elementor-element elementor-element-650bd77 e-con-full e-flex e-con e-child\" data-id=\"650bd77\" data-element_type=\"container\" data-e-type=\"container\">\n\t\t<div class=\"elementor-element elementor-element-4fb5b17 e-con-full e-flex e-con e-child\" data-id=\"4fb5b17\" data-element_type=\"container\" data-e-type=\"container\">\n\t\t\t\t<div class=\"elementor-element elementor-element-8cd176b elementor-widget elementor-widget-heading\" data-id=\"8cd176b\" data-element_type=\"widget\" data-e-type=\"widget\" data-widget_type=\"heading.default\">\n\t\t\t\t<div class=\"elementor-widget-container\">\n\t\t\t\t\t<h3 class=\"elementor-heading-title elementor-size-default\">\ud83d\udcde Commandez d\u00e8s maintenant !\n<\/h3>\t\t\t\t<\/div>\n\t\t\t\t<\/div>\n\t\t\t\t<\/div>\n\t\t\t\t<div class=\"elementor-element elementor-element-429c049 elementor-widget elementor-widget-text-editor\" data-id=\"429c049\" data-element_type=\"widget\" data-e-type=\"widget\" data-widget_type=\"text-editor.default\">\n\t\t\t\t<div class=\"elementor-widget-container\">\n\t\t\t\t\t\t\t\t\t<p>Envoyez votre demande sur WhatsApp ou appelez-nous au <a class=\"ast-builder-social-element ast-inline-flex ast-instagram header-social-item\" href=\"http:\/\/0712399328\/\" target=\"_blank\" rel=\"noopener noreferrer\" aria-label=\"0712399328\" data-wplink-url-error=\"true\"><span class=\"social-item-label\">0712399328<\/span><\/a>.<br data-start=\"1513\" data-end=\"1516\" \/>Notre \u00e9quipe est pr\u00eate \u00e0 vous assister \u00e0 tout moment.<\/p>\t\t\t\t\t\t\t\t<\/div>\n\t\t\t\t<\/div>\n\t\t\t\t<\/div>\n\t\t\t\t\t<\/div>\n\t\t\t\t<\/div>\n\t\t<div class=\"elementor-element elementor-element-01749d7 e-flex e-con-boxed e-con e-parent\" data-id=\"01749d7\" data-element_type=\"container\" data-e-type=\"container\">\n\t\t\t\t\t<div class=\"e-con-inner\">\n\t\t\t\t<div class=\"elementor-element elementor-element-4c1bc6d elementor-widget elementor-widget-text-editor\" data-id=\"4c1bc6d\" data-element_type=\"widget\" data-e-type=\"widget\" data-widget_type=\"text-editor.default\">\n\t\t\t\t<div class=\"elementor-widget-container\">\n\t\t\t\t\t\t\t\t\t<p class=\"\" data-start=\"1957\" data-end=\"2134\">\ud83d\udd11 <strong data-start=\"1960\" data-end=\"1984\">Mots-cl\u00e9s SEO inclus<\/strong> : livraison de m\u00e9dicaments Tanger, pharmacie livraison Tanger, m\u00e9dicaments \u00e0 domicile Tanger, pharmacie de garde Tanger, livraison rapide m\u00e9dicaments<\/p><hr class=\"\" data-start=\"2136\" data-end=\"2139\" \/><p class=\"\" data-start=\"2141\" data-end=\"2210\">\u00a0<\/p>\t\t\t\t\t\t\t\t<\/div>\n\t\t\t\t<\/div>\n\t\t\t\t\t<\/div>\n\t\t\t\t<\/div>\n\t\t\t\t<\/div>","protected":false},"excerpt":{"rendered":"<p>Livraison de M\u00e9dicaments \u00e0 Domicile \u00e0 Tanger Besoin de recevoir vos m\u00e9dicaments sans quitter votre domicile ? Le service de [&hellip;]<\/p>\n","protected":false},"author":1,"featured_media":0,"parent":0,"menu_order":0,"comment_status":"closed","ping_status":"closed","template":"","meta":{"_uag_custom_page_level_css":"","site-sidebar-layout":"no-sidebar","site-content-layout":"","ast-site-content-layout":"full-width-container","site-content-style":"default","site-sidebar-style":"default","ast-global-header-display":"","ast-banner-title-visibility":"","ast-main-header-display":"","ast-hfb-above-header-display":"","ast-hfb-below-header-display":"","ast-hfb-mobile-header-display":"","site-post-title":"disabled","ast-breadcrumbs-content":"","ast-featured-img":"disabled","footer-sml-layout":"","ast-disable-related-posts":"","theme-transparent-header-meta":"","adv-header-id-meta":"","stick-header-meta":"","header-above-stick-meta":"","header-main-stick-meta":"","header-below-stick-meta":"","astra-migrate-meta-layouts":"default","ast-page-background-enabled":"default","ast-page-background-meta":{"desktop":{"background-color":"var(--ast-global-color-4)","background-image":"","background-repeat":"repeat","background-position":"center center","background-size":"auto","background-attachment":"scroll","background-type":"","background-media":"","overlay-type":"","overlay-color":"","overlay-opacity":"","overlay-gradient":""},"tablet":{"background-color":"","background-image":"","background-repeat":"repeat","background-position":"center center","background-size":"auto","background-attachment":"scroll","background-type":"","background-media":"","overlay-type":"","overlay-color":"","overlay-opacity":"","overlay-gradient":""},"mobile":{"background-color":"","background-image":"","background-repeat":"repeat","background-position":"center center","background-size":"auto","background-attachment":"scroll","background-type":"","background-media":"","overlay-type":"","overlay-color":"","overlay-opacity":"","overlay-gradient":""}},"ast-content-background-meta":{"desktop":{"background-color":"var(--ast-global-color-5)","background-image":"","background-repeat":"repeat","background-position":"center center","background-size":"auto","background-attachment":"scroll","background-type":"","background-media":"","overlay-type":"","overlay-color":"","overlay-opacity":"","overlay-gradient":""},"tablet":{"background-color":"var(--ast-global-color-5)","background-image":"","background-repeat":"repeat","background-position":"center center","background-size":"auto","background-attachment":"scroll","background-type":"","background-media":"","overlay-type":"","overlay-color":"","overlay-opacity":"","overlay-gradient":""},"mobile":{"background-color":"var(--ast-global-color-5)","background-image":"","background-repeat":"repeat","background-position":"center center","background-size":"auto","background-attachment":"scroll","background-type":"","background-media":"","overlay-type":"","overlay-color":"","overlay-opacity":"","overlay-gradient":""}},"footnotes":""},"class_list":["post-488","page","type-page","status-publish","hentry"],"yoast_head":"<!-- This site is optimized with the Yoast SEO plugin v27.6 - https:\/\/yoast.com\/product\/yoast-seo-wordpress\/ -->\n<title>Livraison de M\u00e9dicaments \u00e0 Domicile \u00e0 Tanger - Pharmacie de garde Tanger<\/title>\n<meta name=\"robots\" content=\"index, follow, max-snippet:-1, max-image-preview:large, max-video-preview:-1\" \/>\n<link rel=\"canonical\" href=\"https:\/\/pharmaciedegardetanger.site\/en\/livraison-de-medicaments-a-domicile-a-tanger\/\" \/>\n<meta property=\"og:locale\" content=\"en_US\" \/>\n<meta property=\"og:type\" content=\"article\" \/>\n<meta property=\"og:title\" content=\"Livraison de M\u00e9dicaments \u00e0 Domicile \u00e0 Tanger - Pharmacie de garde Tanger\" \/>\n<meta property=\"og:description\" content=\"Livraison de M\u00e9dicaments \u00e0 Domicile \u00e0 Tanger Besoin de recevoir vos m\u00e9dicaments sans quitter votre domicile ? Le service de [&hellip;]\" \/>\n<meta property=\"og:url\" content=\"https:\/\/pharmaciedegardetanger.site\/en\/livraison-de-medicaments-a-domicile-a-tanger\/\" \/>\n<meta property=\"og:site_name\" content=\"Pharmacie de garde Tanger\" \/>\n<meta property=\"article:modified_time\" content=\"2025-09-26T15:14:16+00:00\" \/>\n<meta name=\"twitter:card\" content=\"summary_large_image\" \/>\n<meta name=\"twitter:label1\" content=\"Est. reading time\" \/>\n\t<meta name=\"twitter:data1\" content=\"3 minutes\" \/>\n<script type=\"application\/ld+json\" class=\"yoast-schema-graph\">{\"@context\":\"https:\\\/\\\/schema.org\",\"@graph\":[{\"@type\":\"WebPage\",\"@id\":\"https:\\\/\\\/pharmaciedegardetanger.site\\\/livraison-de-medicaments-a-domicile-a-tanger\\\/\",\"url\":\"https:\\\/\\\/pharmaciedegardetanger.site\\\/livraison-de-medicaments-a-domicile-a-tanger\\\/\",\"name\":\"Livraison de M\u00e9dicaments \u00e0 Domicile \u00e0 Tanger - Pharmacie de garde Tanger\",\"isPartOf\":{\"@id\":\"https:\\\/\\\/pharmaciedegardetanger.site\\\/#website\"},\"datePublished\":\"2025-04-18T00:51:09+00:00\",\"dateModified\":\"2025-09-26T15:14:16+00:00\",\"breadcrumb\":{\"@id\":\"https:\\\/\\\/pharmaciedegardetanger.site\\\/livraison-de-medicaments-a-domicile-a-tanger\\\/#breadcrumb\"},\"inLanguage\":\"en-US\",\"potentialAction\":[{\"@type\":\"ReadAction\",\"target\":[\"https:\\\/\\\/pharmaciedegardetanger.site\\\/livraison-de-medicaments-a-domicile-a-tanger\\\/\"]}]},{\"@type\":\"BreadcrumbList\",\"@id\":\"https:\\\/\\\/pharmaciedegardetanger.site\\\/livraison-de-medicaments-a-domicile-a-tanger\\\/#breadcrumb\",\"itemListElement\":[{\"@type\":\"ListItem\",\"position\":1,\"name\":\"Home\",\"item\":\"https:\\\/\\\/pharmaciedegardetanger.site\\\/\"},{\"@type\":\"ListItem\",\"position\":2,\"name\":\"Livraison de M\u00e9dicaments \u00e0 Domicile \u00e0 Tanger\"}]},{\"@type\":\"WebSite\",\"@id\":\"https:\\\/\\\/pharmaciedegardetanger.site\\\/#website\",\"url\":\"https:\\\/\\\/pharmaciedegardetanger.site\\\/\",\"name\":\"Pharmacie de garde Tanger\",\"description\":\"\u0635\u064a\u062f\u0644\u064a\u0629 \u0627\u0644\u062d\u0631\u0627\u0633\u0629 \u0628\u0645\u062f\u064a\u0646\u0629 \u0637\u0646\u062c\u0629\",\"publisher\":{\"@id\":\"https:\\\/\\\/pharmaciedegardetanger.site\\\/#organization\"},\"potentialAction\":[{\"@type\":\"SearchAction\",\"target\":{\"@type\":\"EntryPoint\",\"urlTemplate\":\"https:\\\/\\\/pharmaciedegardetanger.site\\\/?s={search_term_string}\"},\"query-input\":{\"@type\":\"PropertyValueSpecification\",\"valueRequired\":true,\"valueName\":\"search_term_string\"}}],\"inLanguage\":\"en-US\"},{\"@type\":\"Organization\",\"@id\":\"https:\\\/\\\/pharmaciedegardetanger.site\\\/#organization\",\"name\":\"Pharmacie de garde Tanger\",\"url\":\"https:\\\/\\\/pharmaciedegardetanger.site\\\/\",\"logo\":{\"@type\":\"ImageObject\",\"inLanguage\":\"en-US\",\"@id\":\"https:\\\/\\\/pharmaciedegardetanger.site\\\/#\\\/schema\\\/logo\\\/image\\\/\",\"url\":\"https:\\\/\\\/pharmaciedegardetanger.site\\\/wp-content\\\/uploads\\\/2025\\\/04\\\/pharmacie-de-garde-tanger.png\",\"contentUrl\":\"https:\\\/\\\/pharmaciedegardetanger.site\\\/wp-content\\\/uploads\\\/2025\\\/04\\\/pharmacie-de-garde-tanger.png\",\"width\":512,\"height\":512,\"caption\":\"Pharmacie de garde Tanger\"},\"image\":{\"@id\":\"https:\\\/\\\/pharmaciedegardetanger.site\\\/#\\\/schema\\\/logo\\\/image\\\/\"}}]}<\/script>\n<!-- \/ Yoast SEO plugin. -->","yoast_head_json":{"title":"Livraison de M\u00e9dicaments \u00e0 Domicile \u00e0 Tanger - Pharmacie de garde Tanger","robots":{"index":"index","follow":"follow","max-snippet":"max-snippet:-1","max-image-preview":"max-image-preview:large","max-video-preview":"max-video-preview:-1"},"canonical":"https:\/\/pharmaciedegardetanger.site\/en\/livraison-de-medicaments-a-domicile-a-tanger\/","og_locale":"en_US","og_type":"article","og_title":"Livraison de M\u00e9dicaments \u00e0 Domicile \u00e0 Tanger - Pharmacie de garde Tanger","og_description":"Livraison de M\u00e9dicaments \u00e0 Domicile \u00e0 Tanger Besoin de recevoir vos m\u00e9dicaments sans quitter votre domicile ? Le service de [&hellip;]","og_url":"https:\/\/pharmaciedegardetanger.site\/en\/livraison-de-medicaments-a-domicile-a-tanger\/","og_site_name":"Pharmacie de garde Tanger","article_modified_time":"2025-09-26T15:14:16+00:00","twitter_card":"summary_large_image","twitter_misc":{"Est. reading time":"3 minutes"},"schema":{"@context":"https:\/\/schema.org","@graph":[{"@type":"WebPage","@id":"https:\/\/pharmaciedegardetanger.site\/livraison-de-medicaments-a-domicile-a-tanger\/","url":"https:\/\/pharmaciedegardetanger.site\/livraison-de-medicaments-a-domicile-a-tanger\/","name":"Livraison de M\u00e9dicaments \u00e0 Domicile \u00e0 Tanger - Pharmacie de garde Tanger","isPartOf":{"@id":"https:\/\/pharmaciedegardetanger.site\/#website"},"datePublished":"2025-04-18T00:51:09+00:00","dateModified":"2025-09-26T15:14:16+00:00","breadcrumb":{"@id":"https:\/\/pharmaciedegardetanger.site\/livraison-de-medicaments-a-domicile-a-tanger\/#breadcrumb"},"inLanguage":"en-US","potentialAction":[{"@type":"ReadAction","target":["https:\/\/pharmaciedegardetanger.site\/livraison-de-medicaments-a-domicile-a-tanger\/"]}]},{"@type":"BreadcrumbList","@id":"https:\/\/pharmaciedegardetanger.site\/livraison-de-medicaments-a-domicile-a-tanger\/#breadcrumb","itemListElement":[{"@type":"ListItem","position":1,"name":"Home","item":"https:\/\/pharmaciedegardetanger.site\/"},{"@type":"ListItem","position":2,"name":"Livraison de M\u00e9dicaments \u00e0 Domicile \u00e0 Tanger"}]},{"@type":"WebSite","@id":"https:\/\/pharmaciedegardetanger.site\/#website","url":"https:\/\/pharmaciedegardetanger.site\/","name":"Pharmacie de garde Tanger","description":"\u0635\u064a\u062f\u0644\u064a\u0629 \u0627\u0644\u062d\u0631\u0627\u0633\u0629 \u0628\u0645\u062f\u064a\u0646\u0629 \u0637\u0646\u062c\u0629","publisher":{"@id":"https:\/\/pharmaciedegardetanger.site\/#organization"},"potentialAction":[{"@type":"SearchAction","target":{"@type":"EntryPoint","urlTemplate":"https:\/\/pharmaciedegardetanger.site\/?s={search_term_string}"},"query-input":{"@type":"PropertyValueSpecification","valueRequired":true,"valueName":"search_term_string"}}],"inLanguage":"en-US"},{"@type":"Organization","@id":"https:\/\/pharmaciedegardetanger.site\/#organization","name":"Pharmacie de garde Tanger","url":"https:\/\/pharmaciedegardetanger.site\/","logo":{"@type":"ImageObject","inLanguage":"en-US","@id":"https:\/\/pharmaciedegardetanger.site\/#\/schema\/logo\/image\/","url":"https:\/\/pharmaciedegardetanger.site\/wp-content\/uploads\/2025\/04\/pharmacie-de-garde-tanger.png","contentUrl":"https:\/\/pharmaciedegardetanger.site\/wp-content\/uploads\/2025\/04\/pharmacie-de-garde-tanger.png","width":512,"height":512,"caption":"Pharmacie de garde Tanger"},"image":{"@id":"https:\/\/pharmaciedegardetanger.site\/#\/schema\/logo\/image\/"}}]}},"uagb_featured_image_src":{"full":false,"thumbnail":false,"medium":false,"medium_large":false,"large":false,"1536x1536":false,"2048x2048":false,"trp-custom-language-flag":false},"uagb_author_info":{"display_name":"sara manar","author_link":"https:\/\/pharmaciedegardetanger.site\/en\/author\/sara-manar\/"},"uagb_comment_info":0,"uagb_excerpt":"Livraison de M\u00e9dicaments \u00e0 Domicile \u00e0 Tanger Besoin de recevoir vos m\u00e9dicaments sans quitter votre domicile ? Le service de [&hellip;]","_links":{"self":[{"href":"https:\/\/pharmaciedegardetanger.site\/en\/wp-json\/wp\/v2\/pages\/488","targetHints":{"allow":["GET"]}}],"collection":[{"href":"https:\/\/pharmaciedegardetanger.site\/en\/wp-json\/wp\/v2\/pages"}],"about":[{"href":"https:\/\/pharmaciedegardetanger.site\/en\/wp-json\/wp\/v2\/types\/page"}],"author":[{"embeddable":true,"href":"https:\/\/pharmaciedegardetanger.site\/en\/wp-json\/wp\/v2\/users\/1"}],"replies":[{"embeddable":true,"href":"https:\/\/pharmaciedegardetanger.site\/en\/wp-json\/wp\/v2\/comments?post=488"}],"version-history":[{"count":7,"href":"https:\/\/pharmaciedegardetanger.site\/en\/wp-json\/wp\/v2\/pages\/488\/revisions"}],"predecessor-version":[{"id":899,"href":"https:\/\/pharmaciedegardetanger.site\/en\/wp-json\/wp\/v2\/pages\/488\/revisions\/899"}],"wp:attachment":[{"href":"https:\/\/pharmaciedegardetanger.site\/en\/wp-json\/wp\/v2\/media?parent=488"}],"curies":[{"name":"wp","href":"https:\/\/api.w.org\/{rel}","templated":true}]}}