{"id":518,"date":"2025-04-22T00:42:45","date_gmt":"2025-04-22T00:42:45","guid":{"rendered":"https:\/\/pharmaciedegardetanger.site\/?page_id=518"},"modified":"2025-09-26T09:25:19","modified_gmt":"2025-09-26T09:25:19","slug":"a-propos","status":"publish","type":"page","link":"https:\/\/pharmaciedegardetanger.site\/en\/a-propos\/","title":{"rendered":"\u00c0 Propos"},"content":{"rendered":"<div data-elementor-type=\"wp-page\" data-elementor-id=\"518\" class=\"elementor elementor-518\">\n\t\t\t\t<div class=\"elementor-element elementor-element-0cd05e7 e-flex e-con-boxed e-con e-parent\" data-id=\"0cd05e7\" data-element_type=\"container\" data-e-type=\"container\">\n\t\t\t\t\t<div class=\"e-con-inner\">\n\t\t<div class=\"elementor-element elementor-element-a0b5bdf e-con-full e-flex e-con e-child\" data-id=\"a0b5bdf\" data-element_type=\"container\" data-e-type=\"container\">\n\t\t\t\t<div class=\"elementor-element elementor-element-f3fe8ab elementor-widget elementor-widget-heading\" data-id=\"f3fe8ab\" data-element_type=\"widget\" data-e-type=\"widget\" data-widget_type=\"heading.default\">\n\t\t\t\t<div class=\"elementor-widget-container\">\n\t\t\t\t\t<h1 class=\"elementor-heading-title elementor-size-default\">\u00c0 propos \u2013 Pharmacie de Garde Tanger\n<\/h1>\t\t\t\t<\/div>\n\t\t\t\t<\/div>\n\t\t\t\t<div class=\"elementor-element elementor-element-ec6a10d elementor-widget elementor-widget-text-editor\" data-id=\"ec6a10d\" data-element_type=\"widget\" data-e-type=\"widget\" data-widget_type=\"text-editor.default\">\n\t\t\t\t<div class=\"elementor-widget-container\">\n\t\t\t\t\t\t\t\t\t<p class=\"\" data-start=\"179\" data-end=\"334\">Bienvenue sur <strong data-start=\"193\" data-end=\"222\">Pharmacie de Garde Tanger<\/strong>, votre plateforme de r\u00e9f\u00e9rence pour localiser rapidement une pharmacie ouverte \u00e0 Tanger, de jour comme de nuit.<\/p><p class=\"\" data-start=\"336\" data-end=\"569\">Notre mission est simple : <strong data-start=\"363\" data-end=\"452\">vous fournir une information fiable, actualis\u00e9e quotidiennement et facile \u00e0 consulter<\/strong>, pour vous permettre de trouver une pharmacie de garde en cas d\u2019urgence, le soir, les week-ends ou les jours f\u00e9ri\u00e9s.<\/p>\t\t\t\t\t\t\t\t<\/div>\n\t\t\t\t<\/div>\n\t\t\t\t<\/div>\n\t\t\t\t\t<\/div>\n\t\t\t\t<\/div>\n\t\t<div class=\"elementor-element elementor-element-1f76b2e e-flex e-con-boxed e-con e-parent\" data-id=\"1f76b2e\" data-element_type=\"container\" data-e-type=\"container\">\n\t\t\t\t\t<div class=\"e-con-inner\">\n\t\t<div class=\"elementor-element elementor-element-f71929f e-con-full e-flex e-con e-child\" data-id=\"f71929f\" data-element_type=\"container\" data-e-type=\"container\">\n\t\t\t\t<div class=\"elementor-element elementor-element-f9238dd elementor-widget elementor-widget-heading\" data-id=\"f9238dd\" data-element_type=\"widget\" data-e-type=\"widget\" data-widget_type=\"heading.default\">\n\t\t\t\t<div class=\"elementor-widget-container\">\n\t\t\t\t\t<h2 class=\"elementor-heading-title elementor-size-default\">\ud83c\udfaf Notre objectif\n<\/h2>\t\t\t\t<\/div>\n\t\t\t\t<\/div>\n\t\t\t\t<div class=\"elementor-element elementor-element-212e4fe elementor-widget elementor-widget-text-editor\" data-id=\"212e4fe\" data-element_type=\"widget\" data-e-type=\"widget\" data-widget_type=\"text-editor.default\">\n\t\t\t\t<div class=\"elementor-widget-container\">\n\t\t\t\t\t\t\t\t\t<p class=\"\" data-start=\"599\" data-end=\"771\">Nous savons qu\u2019une urgence m\u00e9dicale peut survenir \u00e0 tout moment. Notre objectif est de simplifier votre recherche d\u2019une <strong data-start=\"719\" data-end=\"750\">pharmacie de garde \u00e0 Tanger<\/strong>, en vous proposant :<\/p><ul data-start=\"772\" data-end=\"1038\"><li class=\"\" data-start=\"772\" data-end=\"811\"><p class=\"\" data-start=\"774\" data-end=\"811\">Une <strong data-start=\"778\" data-end=\"811\">liste mise \u00e0 jour chaque jour<\/strong><\/p><\/li><li class=\"\" data-start=\"812\" data-end=\"888\"><p class=\"\" data-start=\"814\" data-end=\"888\">Des <strong data-start=\"818\" data-end=\"842\">informations claires<\/strong> : nom, adresse, num\u00e9ro de t\u00e9l\u00e9phone, horaires<\/p><\/li><li class=\"\" data-start=\"889\" data-end=\"959\"><p class=\"\" data-start=\"891\" data-end=\"959\">Une <strong data-start=\"895\" data-end=\"916\">carte interactive<\/strong> pour localiser la pharmacie la plus proche<\/p><\/li><li class=\"\" data-start=\"960\" data-end=\"1038\"><p class=\"\" data-start=\"962\" data-end=\"1038\">Un <strong data-start=\"965\" data-end=\"1015\">service de livraison de m\u00e9dicaments \u00e0 domicile<\/strong> en moins de 30 minutes<\/p><\/li><\/ul>\t\t\t\t\t\t\t\t<\/div>\n\t\t\t\t<\/div>\n\t\t\t\t<\/div>\n\t\t\t\t\t<\/div>\n\t\t\t\t<\/div>\n\t\t<div class=\"elementor-element elementor-element-47660cc e-flex e-con-boxed e-con e-parent\" data-id=\"47660cc\" data-element_type=\"container\" data-e-type=\"container\">\n\t\t\t\t\t<div class=\"e-con-inner\">\n\t\t<div class=\"elementor-element elementor-element-253a5a8 e-con-full e-flex e-con e-child\" data-id=\"253a5a8\" data-element_type=\"container\" data-e-type=\"container\">\n\t\t\t\t<div class=\"elementor-element elementor-element-f572116 elementor-widget elementor-widget-heading\" data-id=\"f572116\" data-element_type=\"widget\" data-e-type=\"widget\" data-widget_type=\"heading.default\">\n\t\t\t\t<div class=\"elementor-widget-container\">\n\t\t\t\t\t<h3 class=\"elementor-heading-title elementor-size-default\">\ud83d\udc8a Pourquoi faire confiance \u00e0 notre site ?\n<\/h3>\t\t\t\t<\/div>\n\t\t\t\t<\/div>\n\t\t\t\t<div class=\"elementor-element elementor-element-2f6a1b2 elementor-widget elementor-widget-text-editor\" data-id=\"2f6a1b2\" data-element_type=\"widget\" data-e-type=\"widget\" data-widget_type=\"text-editor.default\">\n\t\t\t\t<div class=\"elementor-widget-container\">\n\t\t\t\t\t\t\t\t\t<ul data-start=\"1093\" data-end=\"1264\"><li class=\"\" data-start=\"1093\" data-end=\"1131\"><p class=\"\" data-start=\"1095\" data-end=\"1131\">\u2705 Informations v\u00e9rifi\u00e9es chaque jour<\/p><\/li><li class=\"\" data-start=\"1132\" data-end=\"1164\"><p class=\"\" data-start=\"1134\" data-end=\"1164\">\u2705 Disponibilit\u00e9 24h\/24 et 7j\/7<\/p><\/li><li class=\"\" data-start=\"1165\" data-end=\"1195\"><p class=\"\" data-start=\"1167\" data-end=\"1195\">\u2705 Interface simple et rapide<\/p><\/li><li class=\"\" data-start=\"1196\" data-end=\"1226\"><p class=\"\" data-start=\"1198\" data-end=\"1226\">\u2705 Livraison express \u00e0 Tanger<\/p><\/li><li class=\"\" data-start=\"1227\" data-end=\"1264\"><p class=\"\" data-start=\"1229\" data-end=\"1264\">\u2705 Support par t\u00e9l\u00e9phone et WhatsApp<\/p><\/li><\/ul><p class=\"\" data-start=\"1266\" data-end=\"1451\">Que vous soyez un r\u00e9sident ou de passage \u00e0 Tanger, notre site est l\u00e0 pour vous <strong data-start=\"1345\" data-end=\"1375\">guider en toute simplicit\u00e9<\/strong> vers la pharmacie ouverte la plus proche, au moment o\u00f9 vous en avez besoin.<\/p>\t\t\t\t\t\t\t\t<\/div>\n\t\t\t\t<\/div>\n\t\t\t\t<\/div>\n\t\t\t\t\t<\/div>\n\t\t\t\t<\/div>\n\t\t<div class=\"elementor-element elementor-element-f011169 e-flex e-con-boxed e-con e-parent\" data-id=\"f011169\" data-element_type=\"container\" data-e-type=\"container\">\n\t\t\t\t\t<div class=\"e-con-inner\">\n\t\t<div class=\"elementor-element elementor-element-e8d4a6f e-con-full e-flex e-con e-child\" data-id=\"e8d4a6f\" data-element_type=\"container\" data-e-type=\"container\">\n\t\t\t\t<div class=\"elementor-element elementor-element-0bad3bc elementor-widget elementor-widget-heading\" data-id=\"0bad3bc\" data-element_type=\"widget\" data-e-type=\"widget\" data-widget_type=\"heading.default\">\n\t\t\t\t<div class=\"elementor-widget-container\">\n\t\t\t\t\t<h4 class=\"elementor-heading-title elementor-size-default\">\ud83d\ude80 Notre service de livraison\n<\/h4>\t\t\t\t<\/div>\n\t\t\t\t<\/div>\n\t\t\t\t<div class=\"elementor-element elementor-element-cd9a7bb elementor-widget elementor-widget-text-editor\" data-id=\"cd9a7bb\" data-element_type=\"widget\" data-e-type=\"widget\" data-widget_type=\"text-editor.default\">\n\t\t\t\t<div class=\"elementor-widget-container\">\n\t\t\t\t\t\t\t\t\t<p class=\"\" data-start=\"1493\" data-end=\"1627\">Besoin de m\u00e9dicaments mais vous ne pouvez pas vous d\u00e9placer ? Nous offrons un service de <strong data-start=\"1582\" data-end=\"1625\">livraison \u00e0 domicile rapide et s\u00e9curis\u00e9<\/strong> :<\/p><ul data-start=\"1628\" data-end=\"1725\"><li class=\"\" data-start=\"1628\" data-end=\"1653\"><p class=\"\" data-start=\"1630\" data-end=\"1653\">Disponible jour et nuit<\/p><\/li><li class=\"\" data-start=\"1654\" data-end=\"1690\"><p class=\"\" data-start=\"1656\" data-end=\"1690\">Commande par t\u00e9l\u00e9phone ou WhatsApp<\/p><\/li><li class=\"\" data-start=\"1691\" data-end=\"1725\"><p class=\"\" data-start=\"1693\" data-end=\"1725\">Livraison en moins de 30 minutes<\/p><\/li><\/ul>\t\t\t\t\t\t\t\t<\/div>\n\t\t\t\t<\/div>\n\t\t\t\t<\/div>\n\t\t\t\t\t<\/div>\n\t\t\t\t<\/div>\n\t\t<div class=\"elementor-element elementor-element-8b68c6a e-flex e-con-boxed e-con e-parent\" data-id=\"8b68c6a\" data-element_type=\"container\" data-e-type=\"container\">\n\t\t\t\t\t<div class=\"e-con-inner\">\n\t\t\t\t<div class=\"elementor-element elementor-element-171258a elementor-widget elementor-widget-text-editor\" data-id=\"171258a\" data-element_type=\"widget\" data-e-type=\"widget\" data-widget_type=\"text-editor.default\">\n\t\t\t\t<div class=\"elementor-widget-container\">\n\t\t\t\t\t\t\t\t\t<h3 class=\"\" data-start=\"1732\" data-end=\"1753\">\ud83e\udd1d Contactez-nous<\/h3><p class=\"\" data-start=\"1755\" data-end=\"1994\">Si vous avez des questions, des suggestions ou si vous \u00eates pharmacien et souhaitez figurer dans notre liste, n&rsquo;h\u00e9sitez pas \u00e0 nous contacter.<br data-start=\"1896\" data-end=\"1899\" \/>\ud83d\udcde T\u00e9l\u00e9phone : <strong>0712399328<\/strong><br data-start=\"1929\" data-end=\"1932\" \/>\ud83d\udcf2 WhatsApp : <a href=\"https:\/\/wa.me\/212712399328\" target=\"_new\" rel=\"noopener\" data-start=\"1946\" data-end=\"1994\">Envoyer un message<\/a><\/p>\t\t\t\t\t\t\t\t<\/div>\n\t\t\t\t<\/div>\n\t\t\t\t\t<\/div>\n\t\t\t\t<\/div>\n\t\t\t\t<\/div>","protected":false},"excerpt":{"rendered":"<p>\u00c0 propos \u2013 Pharmacie de Garde Tanger Bienvenue sur Pharmacie de Garde Tanger, votre plateforme de r\u00e9f\u00e9rence pour localiser rapidement [&hellip;]<\/p>\n","protected":false},"author":1,"featured_media":0,"parent":0,"menu_order":0,"comment_status":"closed","ping_status":"closed","template":"","meta":{"_uag_custom_page_level_css":"","site-sidebar-layout":"no-sidebar","site-content-layout":"","ast-site-content-layout":"full-width-container","site-content-style":"default","site-sidebar-style":"default","ast-global-header-display":"","ast-banner-title-visibility":"","ast-main-header-display":"","ast-hfb-above-header-display":"","ast-hfb-below-header-display":"","ast-hfb-mobile-header-display":"","site-post-title":"disabled","ast-breadcrumbs-content":"","ast-featured-img":"disabled","footer-sml-layout":"","ast-disable-related-posts":"","theme-transparent-header-meta":"","adv-header-id-meta":"","stick-header-meta":"","header-above-stick-meta":"","header-main-stick-meta":"","header-below-stick-meta":"","astra-migrate-meta-layouts":"default","ast-page-background-enabled":"default","ast-page-background-meta":{"desktop":{"background-color":"var(--ast-global-color-4)","background-image":"","background-repeat":"repeat","background-position":"center center","background-size":"auto","background-attachment":"scroll","background-type":"","background-media":"","overlay-type":"","overlay-color":"","overlay-opacity":"","overlay-gradient":""},"tablet":{"background-color":"","background-image":"","background-repeat":"repeat","background-position":"center center","background-size":"auto","background-attachment":"scroll","background-type":"","background-media":"","overlay-type":"","overlay-color":"","overlay-opacity":"","overlay-gradient":""},"mobile":{"background-color":"","background-image":"","background-repeat":"repeat","background-position":"center center","background-size":"auto","background-attachment":"scroll","background-type":"","background-media":"","overlay-type":"","overlay-color":"","overlay-opacity":"","overlay-gradient":""}},"ast-content-background-meta":{"desktop":{"background-color":"var(--ast-global-color-5)","background-image":"","background-repeat":"repeat","background-position":"center center","background-size":"auto","background-attachment":"scroll","background-type":"","background-media":"","overlay-type":"","overlay-color":"","overlay-opacity":"","overlay-gradient":""},"tablet":{"background-color":"var(--ast-global-color-5)","background-image":"","background-repeat":"repeat","background-position":"center center","background-size":"auto","background-attachment":"scroll","background-type":"","background-media":"","overlay-type":"","overlay-color":"","overlay-opacity":"","overlay-gradient":""},"mobile":{"background-color":"var(--ast-global-color-5)","background-image":"","background-repeat":"repeat","background-position":"center center","background-size":"auto","background-attachment":"scroll","background-type":"","background-media":"","overlay-type":"","overlay-color":"","overlay-opacity":"","overlay-gradient":""}},"footnotes":""},"class_list":["post-518","page","type-page","status-publish","hentry"],"yoast_head":"<!-- This site is optimized with the Yoast SEO plugin v27.6 - https:\/\/yoast.com\/product\/yoast-seo-wordpress\/ -->\n<title>\u00c0 Propos - Pharmacie de garde Tanger<\/title>\n<meta name=\"description\" content=\"\u00c0 propos \u2013 Pharmacie de Garde Tanger\" \/>\n<meta name=\"robots\" content=\"index, follow, max-snippet:-1, max-image-preview:large, max-video-preview:-1\" \/>\n<link rel=\"canonical\" href=\"https:\/\/pharmaciedegardetanger.site\/en\/a-propos\/\" \/>\n<meta property=\"og:locale\" content=\"en_US\" \/>\n<meta property=\"og:type\" content=\"article\" \/>\n<meta property=\"og:title\" content=\"\u00c0 Propos - Pharmacie de garde Tanger\" \/>\n<meta property=\"og:description\" content=\"\u00c0 propos \u2013 Pharmacie de Garde Tanger\" \/>\n<meta property=\"og:url\" content=\"https:\/\/pharmaciedegardetanger.site\/en\/a-propos\/\" \/>\n<meta property=\"og:site_name\" content=\"Pharmacie de garde Tanger\" \/>\n<meta property=\"article:modified_time\" content=\"2025-09-26T09:25:19+00:00\" \/>\n<meta name=\"twitter:card\" content=\"summary_large_image\" \/>\n<meta name=\"twitter:label1\" content=\"Est. reading time\" \/>\n\t<meta name=\"twitter:data1\" content=\"4 minutes\" \/>\n<script type=\"application\/ld+json\" class=\"yoast-schema-graph\">{\"@context\":\"https:\\\/\\\/schema.org\",\"@graph\":[{\"@type\":\"WebPage\",\"@id\":\"https:\\\/\\\/pharmaciedegardetanger.site\\\/a-propos\\\/\",\"url\":\"https:\\\/\\\/pharmaciedegardetanger.site\\\/a-propos\\\/\",\"name\":\"\u00c0 Propos - Pharmacie de garde Tanger\",\"isPartOf\":{\"@id\":\"https:\\\/\\\/pharmaciedegardetanger.site\\\/#website\"},\"datePublished\":\"2025-04-22T00:42:45+00:00\",\"dateModified\":\"2025-09-26T09:25:19+00:00\",\"description\":\"\u00c0 propos \u2013 Pharmacie de Garde Tanger\",\"breadcrumb\":{\"@id\":\"https:\\\/\\\/pharmaciedegardetanger.site\\\/a-propos\\\/#breadcrumb\"},\"inLanguage\":\"en-US\",\"potentialAction\":[{\"@type\":\"ReadAction\",\"target\":[\"https:\\\/\\\/pharmaciedegardetanger.site\\\/a-propos\\\/\"]}]},{\"@type\":\"BreadcrumbList\",\"@id\":\"https:\\\/\\\/pharmaciedegardetanger.site\\\/a-propos\\\/#breadcrumb\",\"itemListElement\":[{\"@type\":\"ListItem\",\"position\":1,\"name\":\"Home\",\"item\":\"https:\\\/\\\/pharmaciedegardetanger.site\\\/\"},{\"@type\":\"ListItem\",\"position\":2,\"name\":\"\u00c0 Propos\"}]},{\"@type\":\"WebSite\",\"@id\":\"https:\\\/\\\/pharmaciedegardetanger.site\\\/#website\",\"url\":\"https:\\\/\\\/pharmaciedegardetanger.site\\\/\",\"name\":\"Pharmacie de garde Tanger\",\"description\":\"\u0635\u064a\u062f\u0644\u064a\u0629 \u0627\u0644\u062d\u0631\u0627\u0633\u0629 \u0628\u0645\u062f\u064a\u0646\u0629 \u0637\u0646\u062c\u0629\",\"publisher\":{\"@id\":\"https:\\\/\\\/pharmaciedegardetanger.site\\\/#organization\"},\"potentialAction\":[{\"@type\":\"SearchAction\",\"target\":{\"@type\":\"EntryPoint\",\"urlTemplate\":\"https:\\\/\\\/pharmaciedegardetanger.site\\\/?s={search_term_string}\"},\"query-input\":{\"@type\":\"PropertyValueSpecification\",\"valueRequired\":true,\"valueName\":\"search_term_string\"}}],\"inLanguage\":\"en-US\"},{\"@type\":\"Organization\",\"@id\":\"https:\\\/\\\/pharmaciedegardetanger.site\\\/#organization\",\"name\":\"Pharmacie de garde Tanger\",\"url\":\"https:\\\/\\\/pharmaciedegardetanger.site\\\/\",\"logo\":{\"@type\":\"ImageObject\",\"inLanguage\":\"en-US\",\"@id\":\"https:\\\/\\\/pharmaciedegardetanger.site\\\/#\\\/schema\\\/logo\\\/image\\\/\",\"url\":\"https:\\\/\\\/pharmaciedegardetanger.site\\\/wp-content\\\/uploads\\\/2025\\\/04\\\/pharmacie-de-garde-tanger.png\",\"contentUrl\":\"https:\\\/\\\/pharmaciedegardetanger.site\\\/wp-content\\\/uploads\\\/2025\\\/04\\\/pharmacie-de-garde-tanger.png\",\"width\":512,\"height\":512,\"caption\":\"Pharmacie de garde Tanger\"},\"image\":{\"@id\":\"https:\\\/\\\/pharmaciedegardetanger.site\\\/#\\\/schema\\\/logo\\\/image\\\/\"}}]}<\/script>\n<!-- \/ Yoast SEO plugin. -->","yoast_head_json":{"title":"\u00c0 Propos - Pharmacie de garde Tanger","description":"\u00c0 propos \u2013 Pharmacie de Garde Tanger","robots":{"index":"index","follow":"follow","max-snippet":"max-snippet:-1","max-image-preview":"max-image-preview:large","max-video-preview":"max-video-preview:-1"},"canonical":"https:\/\/pharmaciedegardetanger.site\/en\/a-propos\/","og_locale":"en_US","og_type":"article","og_title":"\u00c0 Propos - Pharmacie de garde Tanger","og_description":"\u00c0 propos \u2013 Pharmacie de Garde Tanger","og_url":"https:\/\/pharmaciedegardetanger.site\/en\/a-propos\/","og_site_name":"Pharmacie de garde Tanger","article_modified_time":"2025-09-26T09:25:19+00:00","twitter_card":"summary_large_image","twitter_misc":{"Est. reading time":"4 minutes"},"schema":{"@context":"https:\/\/schema.org","@graph":[{"@type":"WebPage","@id":"https:\/\/pharmaciedegardetanger.site\/a-propos\/","url":"https:\/\/pharmaciedegardetanger.site\/a-propos\/","name":"\u00c0 Propos - Pharmacie de garde Tanger","isPartOf":{"@id":"https:\/\/pharmaciedegardetanger.site\/#website"},"datePublished":"2025-04-22T00:42:45+00:00","dateModified":"2025-09-26T09:25:19+00:00","description":"\u00c0 propos \u2013 Pharmacie de Garde Tanger","breadcrumb":{"@id":"https:\/\/pharmaciedegardetanger.site\/a-propos\/#breadcrumb"},"inLanguage":"en-US","potentialAction":[{"@type":"ReadAction","target":["https:\/\/pharmaciedegardetanger.site\/a-propos\/"]}]},{"@type":"BreadcrumbList","@id":"https:\/\/pharmaciedegardetanger.site\/a-propos\/#breadcrumb","itemListElement":[{"@type":"ListItem","position":1,"name":"Home","item":"https:\/\/pharmaciedegardetanger.site\/"},{"@type":"ListItem","position":2,"name":"\u00c0 Propos"}]},{"@type":"WebSite","@id":"https:\/\/pharmaciedegardetanger.site\/#website","url":"https:\/\/pharmaciedegardetanger.site\/","name":"Pharmacie de garde Tanger","description":"\u0635\u064a\u062f\u0644\u064a\u0629 \u0627\u0644\u062d\u0631\u0627\u0633\u0629 \u0628\u0645\u062f\u064a\u0646\u0629 \u0637\u0646\u062c\u0629","publisher":{"@id":"https:\/\/pharmaciedegardetanger.site\/#organization"},"potentialAction":[{"@type":"SearchAction","target":{"@type":"EntryPoint","urlTemplate":"https:\/\/pharmaciedegardetanger.site\/?s={search_term_string}"},"query-input":{"@type":"PropertyValueSpecification","valueRequired":true,"valueName":"search_term_string"}}],"inLanguage":"en-US"},{"@type":"Organization","@id":"https:\/\/pharmaciedegardetanger.site\/#organization","name":"Pharmacie de garde Tanger","url":"https:\/\/pharmaciedegardetanger.site\/","logo":{"@type":"ImageObject","inLanguage":"en-US","@id":"https:\/\/pharmaciedegardetanger.site\/#\/schema\/logo\/image\/","url":"https:\/\/pharmaciedegardetanger.site\/wp-content\/uploads\/2025\/04\/pharmacie-de-garde-tanger.png","contentUrl":"https:\/\/pharmaciedegardetanger.site\/wp-content\/uploads\/2025\/04\/pharmacie-de-garde-tanger.png","width":512,"height":512,"caption":"Pharmacie de garde Tanger"},"image":{"@id":"https:\/\/pharmaciedegardetanger.site\/#\/schema\/logo\/image\/"}}]}},"uagb_featured_image_src":{"full":false,"thumbnail":false,"medium":false,"medium_large":false,"large":false,"1536x1536":false,"2048x2048":false,"trp-custom-language-flag":false},"uagb_author_info":{"display_name":"sara manar","author_link":"https:\/\/pharmaciedegardetanger.site\/en\/author\/sara-manar\/"},"uagb_comment_info":0,"uagb_excerpt":"\u00c0 propos \u2013 Pharmacie de Garde Tanger Bienvenue sur Pharmacie de Garde Tanger, votre plateforme de r\u00e9f\u00e9rence pour localiser rapidement [&hellip;]","_links":{"self":[{"href":"https:\/\/pharmaciedegardetanger.site\/en\/wp-json\/wp\/v2\/pages\/518","targetHints":{"allow":["GET"]}}],"collection":[{"href":"https:\/\/pharmaciedegardetanger.site\/en\/wp-json\/wp\/v2\/pages"}],"about":[{"href":"https:\/\/pharmaciedegardetanger.site\/en\/wp-json\/wp\/v2\/types\/page"}],"author":[{"embeddable":true,"href":"https:\/\/pharmaciedegardetanger.site\/en\/wp-json\/wp\/v2\/users\/1"}],"replies":[{"embeddable":true,"href":"https:\/\/pharmaciedegardetanger.site\/en\/wp-json\/wp\/v2\/comments?post=518"}],"version-history":[{"count":7,"href":"https:\/\/pharmaciedegardetanger.site\/en\/wp-json\/wp\/v2\/pages\/518\/revisions"}],"predecessor-version":[{"id":895,"href":"https:\/\/pharmaciedegardetanger.site\/en\/wp-json\/wp\/v2\/pages\/518\/revisions\/895"}],"wp:attachment":[{"href":"https:\/\/pharmaciedegardetanger.site\/en\/wp-json\/wp\/v2\/media?parent=518"}],"curies":[{"name":"wp","href":"https:\/\/api.w.org\/{rel}","templated":true}]}}