{"id":522,"date":"2025-04-22T00:45:38","date_gmt":"2025-04-22T00:45:38","guid":{"rendered":"https:\/\/pharmaciedegardetanger.site\/?page_id=522"},"modified":"2025-09-26T09:32:21","modified_gmt":"2025-09-26T09:32:21","slug":"pharmacie-permanence-tanger","status":"publish","type":"page","link":"https:\/\/pharmaciedegardetanger.site\/en\/pharmacie-permanence-tanger\/","title":{"rendered":"pharmacie permanence tanger"},"content":{"rendered":"<div data-elementor-type=\"wp-page\" data-elementor-id=\"522\" class=\"elementor elementor-522\">\n\t\t\t\t<div class=\"elementor-element elementor-element-475ca75 e-flex e-con-boxed e-con e-parent\" data-id=\"475ca75\" data-element_type=\"container\" data-e-type=\"container\">\n\t\t\t\t\t<div class=\"e-con-inner\">\n\t\t<div class=\"elementor-element elementor-element-a86ef21 e-con-full e-flex e-con e-child\" data-id=\"a86ef21\" data-element_type=\"container\" data-e-type=\"container\">\n\t\t\t\t<div class=\"elementor-element elementor-element-5b65af4 elementor-widget elementor-widget-heading\" data-id=\"5b65af4\" data-element_type=\"widget\" data-e-type=\"widget\" data-widget_type=\"heading.default\">\n\t\t\t\t<div class=\"elementor-widget-container\">\n\t\t\t\t\t<h1 class=\"elementor-heading-title elementor-size-default\">Pharmacie permanence Tanger \u2013 Trouvez une pharmacie ouverte aujourd\u2019hui\n\n<\/h1>\t\t\t\t<\/div>\n\t\t\t\t<\/div>\n\t\t\t\t<div class=\"elementor-element elementor-element-b002c3f elementor-widget elementor-widget-text-editor\" data-id=\"b002c3f\" data-element_type=\"widget\" data-e-type=\"widget\" data-widget_type=\"text-editor.default\">\n\t\t\t\t<div class=\"elementor-widget-container\">\n\t\t\t\t\t\t\t\t\t<p><strong data-start=\"75\" data-end=\"131\">Vous cherchez une pharmacie de permanence \u00e0 Tanger ?<\/strong> Que ce soit en pleine nuit, pendant le week-end ou un jour f\u00e9ri\u00e9, il est essentiel de savoir o\u00f9 trouver une pharmacie ouverte. Nous vous aidons \u00e0 localiser rapidement la pharmacie de garde la plus proche gr\u00e2ce \u00e0 des informations pratiques, mises \u00e0 jour quotidiennement.<\/p>\t\t\t\t\t\t\t\t<\/div>\n\t\t\t\t<\/div>\n\t\t\t\t<\/div>\n\t\t\t\t\t<\/div>\n\t\t\t\t<\/div>\n\t\t<div class=\"elementor-element elementor-element-efd034a e-flex e-con-boxed e-con e-parent\" data-id=\"efd034a\" data-element_type=\"container\" data-e-type=\"container\">\n\t\t\t\t\t<div class=\"e-con-inner\">\n\t\t\t\t<div class=\"elementor-element elementor-element-b62d935 elementor-align-center elementor-widget__width-initial elementor-widget elementor-widget-button\" data-id=\"b62d935\" data-element_type=\"widget\" data-e-type=\"widget\" data-widget_type=\"button.default\">\n\t\t\t\t<div class=\"elementor-widget-container\">\n\t\t\t\t\t\t\t\t\t<div class=\"elementor-button-wrapper\">\n\t\t\t\t\t<a class=\"elementor-button elementor-button-link elementor-size-sm\" href=\"http:\/\/pharmaciedegardetanger.site\/en\/\">\n\t\t\t\t\t\t<span class=\"elementor-button-content-wrapper\">\n\t\t\t\t\t\t\t\t\t<span class=\"elementor-button-text\">Cliquez ici pour consulter la liste des pharmacies de garde \u00e0 Tanger.<\/span>\n\t\t\t\t\t<\/span>\n\t\t\t\t\t<\/a>\n\t\t\t\t<\/div>\n\t\t\t\t\t\t\t\t<\/div>\n\t\t\t\t<\/div>\n\t\t\t\t\t<\/div>\n\t\t\t\t<\/div>\n\t\t<div class=\"elementor-element elementor-element-0819159 e-flex e-con-boxed e-con e-parent\" data-id=\"0819159\" data-element_type=\"container\" data-e-type=\"container\">\n\t\t\t\t\t<div class=\"e-con-inner\">\n\t\t<div class=\"elementor-element elementor-element-46314bc e-con-full e-flex e-con e-child\" data-id=\"46314bc\" data-element_type=\"container\" data-e-type=\"container\">\n\t\t\t\t<div class=\"elementor-element elementor-element-d918a66 elementor-align-center elementor-widget elementor-widget-button\" data-id=\"d918a66\" data-element_type=\"widget\" data-e-type=\"widget\" data-widget_type=\"button.default\">\n\t\t\t\t<div class=\"elementor-widget-container\">\n\t\t\t\t\t\t\t\t\t<div class=\"elementor-button-wrapper\">\n\t\t\t\t\t<a class=\"elementor-button elementor-button-link elementor-size-sm\" href=\"https:\/\/wa.me\/212712399328\">\n\t\t\t\t\t\t<span class=\"elementor-button-content-wrapper\">\n\t\t\t\t\t\t\t\t\t<span class=\"elementor-button-text\">Cliquez ici pour le service de livraison de m\u00e9dicaments \u00e0 domicile \u00e0 Tanger<\/span>\n\t\t\t\t\t<\/span>\n\t\t\t\t\t<\/a>\n\t\t\t\t<\/div>\n\t\t\t\t\t\t\t\t<\/div>\n\t\t\t\t<\/div>\n\t\t\t\t<\/div>\n\t\t\t\t\t<\/div>\n\t\t\t\t<\/div>\n\t\t<div class=\"elementor-element elementor-element-ce121d7 e-flex e-con-boxed e-con e-parent\" data-id=\"ce121d7\" data-element_type=\"container\" data-e-type=\"container\">\n\t\t\t\t\t<div class=\"e-con-inner\">\n\t\t\t\t<div class=\"elementor-element elementor-element-dacab94 elementor-widget elementor-widget-image\" data-id=\"dacab94\" data-element_type=\"widget\" data-e-type=\"widget\" data-widget_type=\"image.default\">\n\t\t\t\t<div class=\"elementor-widget-container\">\n\t\t\t\t\t\t\t\t\t\t\t\t\t\t\t<img fetchpriority=\"high\" decoding=\"async\" width=\"1024\" height=\"683\" src=\"https:\/\/pharmaciedegardetanger.site\/wp-content\/uploads\/2025\/04\/warehouse-pharmacy-1024x683.webp\" class=\"attachment-large size-large wp-image-541\" alt=\"pharmacie permanence tanger\" srcset=\"https:\/\/pharmaciedegardetanger.site\/wp-content\/uploads\/2025\/04\/warehouse-pharmacy-1024x683.webp 1024w, https:\/\/pharmaciedegardetanger.site\/wp-content\/uploads\/2025\/04\/warehouse-pharmacy-300x200.webp 300w, https:\/\/pharmaciedegardetanger.site\/wp-content\/uploads\/2025\/04\/warehouse-pharmacy-768x512.webp 768w, https:\/\/pharmaciedegardetanger.site\/wp-content\/uploads\/2025\/04\/warehouse-pharmacy-1536x1024.webp 1536w, https:\/\/pharmaciedegardetanger.site\/wp-content\/uploads\/2025\/04\/warehouse-pharmacy-2048x1365.webp 2048w\" sizes=\"(max-width: 1024px) 100vw, 1024px\" \/>\t\t\t\t\t\t\t\t\t\t\t\t\t\t\t<\/div>\n\t\t\t\t<\/div>\n\t\t\t\t\t<\/div>\n\t\t\t\t<\/div>\n\t\t<div class=\"elementor-element elementor-element-75ceecc e-flex e-con-boxed e-con e-parent\" data-id=\"75ceecc\" data-element_type=\"container\" data-e-type=\"container\">\n\t\t\t\t\t<div class=\"e-con-inner\">\n\t\t<div class=\"elementor-element elementor-element-44847bd e-con-full e-flex e-con e-child\" data-id=\"44847bd\" data-element_type=\"container\" data-e-type=\"container\">\n\t\t\t\t<div class=\"elementor-element elementor-element-89b8582 elementor-widget elementor-widget-heading\" data-id=\"89b8582\" data-element_type=\"widget\" data-e-type=\"widget\" data-widget_type=\"heading.default\">\n\t\t\t\t<div class=\"elementor-widget-container\">\n\t\t\t\t\t<h2 class=\"elementor-heading-title elementor-size-default\">\ud83c\udfe5 Qu\u2019est-ce qu\u2019une pharmacie de permanence ?\n<\/h2>\t\t\t\t<\/div>\n\t\t\t\t<\/div>\n\t\t\t\t<div class=\"elementor-element elementor-element-a954075 elementor-widget elementor-widget-text-editor\" data-id=\"a954075\" data-element_type=\"widget\" data-e-type=\"widget\" data-widget_type=\"text-editor.default\">\n\t\t\t\t<div class=\"elementor-widget-container\">\n\t\t\t\t\t\t\t\t\t<p class=\"\" data-start=\"1388\" data-end=\"1683\">Une <strong data-start=\"1392\" data-end=\"1419\">pharmacie de permanence<\/strong> (aussi appel\u00e9e <strong data-start=\"1435\" data-end=\"1457\">pharmacie de garde<\/strong>) est une officine qui reste <strong data-start=\"1486\" data-end=\"1530\">ouverte en dehors des horaires habituels<\/strong>, pour r\u00e9pondre aux besoins urgents en m\u00e9dicaments. Ces pharmacies assurent un <strong data-start=\"1609\" data-end=\"1637\">service public essentiel<\/strong> en cas de besoin m\u00e9dical impr\u00e9vu, notamment :<\/p><ul data-start=\"1685\" data-end=\"1787\"><li class=\"\" data-start=\"1685\" data-end=\"1694\"><p class=\"\" data-start=\"1687\" data-end=\"1694\">La nuit<\/p><\/li><li class=\"\" data-start=\"1695\" data-end=\"1710\"><p class=\"\" data-start=\"1697\" data-end=\"1710\">Les dimanches<\/p><\/li><li class=\"\" data-start=\"1711\" data-end=\"1729\"><p class=\"\" data-start=\"1713\" data-end=\"1729\">Les jours f\u00e9ri\u00e9s<\/p><\/li><li class=\"\" data-start=\"1730\" data-end=\"1787\"><p class=\"\" data-start=\"1732\" data-end=\"1787\">Pendant les fermetures prolong\u00e9es des autres pharmacies<\/p><\/li><\/ul>\t\t\t\t\t\t\t\t<\/div>\n\t\t\t\t<\/div>\n\t\t\t\t<\/div>\n\t\t\t\t\t<\/div>\n\t\t\t\t<\/div>\n\t\t<div class=\"elementor-element elementor-element-50eb73f e-flex e-con-boxed e-con e-parent\" data-id=\"50eb73f\" data-element_type=\"container\" data-e-type=\"container\">\n\t\t\t\t\t<div class=\"e-con-inner\">\n\t\t<div class=\"elementor-element elementor-element-8679c6f e-con-full e-flex e-con e-child\" data-id=\"8679c6f\" data-element_type=\"container\" data-e-type=\"container\">\n\t\t\t\t<div class=\"elementor-element elementor-element-962c91d elementor-widget elementor-widget-heading\" data-id=\"962c91d\" data-element_type=\"widget\" data-e-type=\"widget\" data-widget_type=\"heading.default\">\n\t\t\t\t<div class=\"elementor-widget-container\">\n\t\t\t\t\t<h3 class=\"elementor-heading-title elementor-size-default\">\ud83d\ude97 Service de livraison \u00e0 domicile \u00e0 Tanger :\n<\/h3>\t\t\t\t<\/div>\n\t\t\t\t<\/div>\n\t\t\t\t<div class=\"elementor-element elementor-element-69f8a19 elementor-widget elementor-widget-text-editor\" data-id=\"69f8a19\" data-element_type=\"widget\" data-e-type=\"widget\" data-widget_type=\"text-editor.default\">\n\t\t\t\t<div class=\"elementor-widget-container\">\n\t\t\t\t\t\t\t\t\t<p class=\"\" data-start=\"2533\" data-end=\"2629\">Pharmacie de Garde Tanger vous propose \u00e9galement un <strong data-start=\"2585\" data-end=\"2627\">service de livraison rapide \u00e0 domicile<\/strong> :<\/p><ul data-start=\"2631\" data-end=\"2805\"><li class=\"\" data-start=\"2631\" data-end=\"2681\"><p class=\"\" data-start=\"2633\" data-end=\"2681\">Envoi de l\u2019ordonnance via WhatsApp ou formulaire<\/p><\/li><li class=\"\" data-start=\"2734\" data-end=\"2770\"><p class=\"\" data-start=\"2736\" data-end=\"2770\">Livraison rapide jusqu\u2019\u00e0 chez vous<\/p><\/li><li class=\"\" data-start=\"2771\" data-end=\"2805\"><p class=\"\" data-start=\"2773\" data-end=\"2805\">Paiement s\u00e9curis\u00e9 \u00e0 la r\u00e9ception<\/p><\/li><\/ul>\t\t\t\t\t\t\t\t<\/div>\n\t\t\t\t<\/div>\n\t\t\t\t<\/div>\n\t\t\t\t\t<\/div>\n\t\t\t\t<\/div>\n\t\t<div class=\"elementor-element elementor-element-2397cc1 e-flex e-con-boxed e-con e-parent\" data-id=\"2397cc1\" data-element_type=\"container\" data-e-type=\"container\">\n\t\t\t\t\t<div class=\"e-con-inner\">\n\t\t<div class=\"elementor-element elementor-element-5f479dc e-con-full e-flex e-con e-child\" data-id=\"5f479dc\" data-element_type=\"container\" data-e-type=\"container\">\n\t\t\t\t<div class=\"elementor-element elementor-element-dcc06da elementor-align-center elementor-widget elementor-widget-button\" data-id=\"dcc06da\" data-element_type=\"widget\" data-e-type=\"widget\" data-widget_type=\"button.default\">\n\t\t\t\t<div class=\"elementor-widget-container\">\n\t\t\t\t\t\t\t\t\t<div class=\"elementor-button-wrapper\">\n\t\t\t\t\t<a class=\"elementor-button elementor-button-link elementor-size-sm\" href=\"https:\/\/wa.me\/212712399328\">\n\t\t\t\t\t\t<span class=\"elementor-button-content-wrapper\">\n\t\t\t\t\t\t\t\t\t<span class=\"elementor-button-text\">D\u00e9couvrez notre service de livraison<\/span>\n\t\t\t\t\t<\/span>\n\t\t\t\t\t<\/a>\n\t\t\t\t<\/div>\n\t\t\t\t\t\t\t\t<\/div>\n\t\t\t\t<\/div>\n\t\t\t\t<\/div>\n\t\t\t\t\t<\/div>\n\t\t\t\t<\/div>\n\t\t\t\t<\/div>","protected":false},"excerpt":{"rendered":"<p>Pharmacie permanence Tanger \u2013 Trouvez une pharmacie ouverte aujourd\u2019hui Vous cherchez une pharmacie de permanence \u00e0 Tanger ? Que ce [&hellip;]<\/p>\n","protected":false},"author":1,"featured_media":0,"parent":0,"menu_order":0,"comment_status":"closed","ping_status":"closed","template":"","meta":{"_uag_custom_page_level_css":"","site-sidebar-layout":"no-sidebar","site-content-layout":"","ast-site-content-layout":"full-width-container","site-content-style":"default","site-sidebar-style":"default","ast-global-header-display":"","ast-banner-title-visibility":"","ast-main-header-display":"","ast-hfb-above-header-display":"","ast-hfb-below-header-display":"","ast-hfb-mobile-header-display":"","site-post-title":"disabled","ast-breadcrumbs-content":"","ast-featured-img":"disabled","footer-sml-layout":"","ast-disable-related-posts":"","theme-transparent-header-meta":"","adv-header-id-meta":"","stick-header-meta":"","header-above-stick-meta":"","header-main-stick-meta":"","header-below-stick-meta":"","astra-migrate-meta-layouts":"default","ast-page-background-enabled":"default","ast-page-background-meta":{"desktop":{"background-color":"var(--ast-global-color-4)","background-image":"","background-repeat":"repeat","background-position":"center center","background-size":"auto","background-attachment":"scroll","background-type":"","background-media":"","overlay-type":"","overlay-color":"","overlay-opacity":"","overlay-gradient":""},"tablet":{"background-color":"","background-image":"","background-repeat":"repeat","background-position":"center center","background-size":"auto","background-attachment":"scroll","background-type":"","background-media":"","overlay-type":"","overlay-color":"","overlay-opacity":"","overlay-gradient":""},"mobile":{"background-color":"","background-image":"","background-repeat":"repeat","background-position":"center center","background-size":"auto","background-attachment":"scroll","background-type":"","background-media":"","overlay-type":"","overlay-color":"","overlay-opacity":"","overlay-gradient":""}},"ast-content-background-meta":{"desktop":{"background-color":"var(--ast-global-color-5)","background-image":"","background-repeat":"repeat","background-position":"center center","background-size":"auto","background-attachment":"scroll","background-type":"","background-media":"","overlay-type":"","overlay-color":"","overlay-opacity":"","overlay-gradient":""},"tablet":{"background-color":"var(--ast-global-color-5)","background-image":"","background-repeat":"repeat","background-position":"center center","background-size":"auto","background-attachment":"scroll","background-type":"","background-media":"","overlay-type":"","overlay-color":"","overlay-opacity":"","overlay-gradient":""},"mobile":{"background-color":"var(--ast-global-color-5)","background-image":"","background-repeat":"repeat","background-position":"center center","background-size":"auto","background-attachment":"scroll","background-type":"","background-media":"","overlay-type":"","overlay-color":"","overlay-opacity":"","overlay-gradient":""}},"footnotes":""},"class_list":["post-522","page","type-page","status-publish","hentry"],"yoast_head":"<!-- This site is optimized with the Yoast SEO plugin v27.6 - https:\/\/yoast.com\/product\/yoast-seo-wordpress\/ -->\n<title>Pharmacie permanence Tanger \u2013 Trouvez une pharmacie ouverte<\/title>\n<meta name=\"description\" content=\"Consultez la liste des pharmacie permanence Tanger, avec horaires, adresses et services disponibles. Pour livraison \u00e0 domicile 0712399328.\" \/>\n<meta name=\"robots\" content=\"index, follow, max-snippet:-1, max-image-preview:large, max-video-preview:-1\" \/>\n<link rel=\"canonical\" href=\"https:\/\/pharmaciedegardetanger.site\/en\/pharmacie-permanence-tanger\/\" \/>\n<meta property=\"og:locale\" content=\"en_US\" \/>\n<meta property=\"og:type\" content=\"article\" \/>\n<meta property=\"og:title\" content=\"Pharmacie permanence Tanger \u2013 Trouvez une pharmacie ouverte\" \/>\n<meta property=\"og:description\" content=\"Consultez la liste des pharmacie permanence Tanger, avec horaires, adresses et services disponibles. Pour livraison \u00e0 domicile 0712399328.\" \/>\n<meta property=\"og:url\" content=\"https:\/\/pharmaciedegardetanger.site\/en\/pharmacie-permanence-tanger\/\" \/>\n<meta property=\"og:site_name\" content=\"Pharmacie de garde Tanger\" \/>\n<meta property=\"article:modified_time\" content=\"2025-09-26T09:32:21+00:00\" \/>\n<meta property=\"og:image\" content=\"http:\/\/pharmaciedegardetanger.site\/wp-content\/uploads\/2025\/04\/warehouse-pharmacy-1024x683.webp\" \/>\n<meta name=\"twitter:card\" content=\"summary_large_image\" \/>\n<meta name=\"twitter:label1\" content=\"Est. reading time\" \/>\n\t<meta name=\"twitter:data1\" content=\"2 minutes\" \/>\n<script type=\"application\/ld+json\" class=\"yoast-schema-graph\">{\"@context\":\"https:\\\/\\\/schema.org\",\"@graph\":[{\"@type\":\"WebPage\",\"@id\":\"https:\\\/\\\/pharmaciedegardetanger.site\\\/pharmacie-permanence-tanger\\\/\",\"url\":\"https:\\\/\\\/pharmaciedegardetanger.site\\\/pharmacie-permanence-tanger\\\/\",\"name\":\"Pharmacie permanence Tanger \u2013 Trouvez une pharmacie ouverte\",\"isPartOf\":{\"@id\":\"https:\\\/\\\/pharmaciedegardetanger.site\\\/#website\"},\"primaryImageOfPage\":{\"@id\":\"https:\\\/\\\/pharmaciedegardetanger.site\\\/pharmacie-permanence-tanger\\\/#primaryimage\"},\"image\":{\"@id\":\"https:\\\/\\\/pharmaciedegardetanger.site\\\/pharmacie-permanence-tanger\\\/#primaryimage\"},\"thumbnailUrl\":\"http:\\\/\\\/pharmaciedegardetanger.site\\\/wp-content\\\/uploads\\\/2025\\\/04\\\/warehouse-pharmacy-1024x683.webp\",\"datePublished\":\"2025-04-22T00:45:38+00:00\",\"dateModified\":\"2025-09-26T09:32:21+00:00\",\"description\":\"Consultez la liste des pharmacie permanence Tanger, avec horaires, adresses et services disponibles. Pour livraison \u00e0 domicile 0712399328.\",\"breadcrumb\":{\"@id\":\"https:\\\/\\\/pharmaciedegardetanger.site\\\/pharmacie-permanence-tanger\\\/#breadcrumb\"},\"inLanguage\":\"en-US\",\"potentialAction\":[{\"@type\":\"ReadAction\",\"target\":[\"https:\\\/\\\/pharmaciedegardetanger.site\\\/pharmacie-permanence-tanger\\\/\"]}]},{\"@type\":\"ImageObject\",\"inLanguage\":\"en-US\",\"@id\":\"https:\\\/\\\/pharmaciedegardetanger.site\\\/pharmacie-permanence-tanger\\\/#primaryimage\",\"url\":\"http:\\\/\\\/pharmaciedegardetanger.site\\\/wp-content\\\/uploads\\\/2025\\\/04\\\/warehouse-pharmacy-1024x683.webp\",\"contentUrl\":\"http:\\\/\\\/pharmaciedegardetanger.site\\\/wp-content\\\/uploads\\\/2025\\\/04\\\/warehouse-pharmacy-1024x683.webp\"},{\"@type\":\"BreadcrumbList\",\"@id\":\"https:\\\/\\\/pharmaciedegardetanger.site\\\/pharmacie-permanence-tanger\\\/#breadcrumb\",\"itemListElement\":[{\"@type\":\"ListItem\",\"position\":1,\"name\":\"Home\",\"item\":\"https:\\\/\\\/pharmaciedegardetanger.site\\\/\"},{\"@type\":\"ListItem\",\"position\":2,\"name\":\"pharmacie permanence tanger\"}]},{\"@type\":\"WebSite\",\"@id\":\"https:\\\/\\\/pharmaciedegardetanger.site\\\/#website\",\"url\":\"https:\\\/\\\/pharmaciedegardetanger.site\\\/\",\"name\":\"Pharmacie de garde Tanger\",\"description\":\"\u0635\u064a\u062f\u0644\u064a\u0629 \u0627\u0644\u062d\u0631\u0627\u0633\u0629 \u0628\u0645\u062f\u064a\u0646\u0629 \u0637\u0646\u062c\u0629\",\"publisher\":{\"@id\":\"https:\\\/\\\/pharmaciedegardetanger.site\\\/#organization\"},\"potentialAction\":[{\"@type\":\"SearchAction\",\"target\":{\"@type\":\"EntryPoint\",\"urlTemplate\":\"https:\\\/\\\/pharmaciedegardetanger.site\\\/?s={search_term_string}\"},\"query-input\":{\"@type\":\"PropertyValueSpecification\",\"valueRequired\":true,\"valueName\":\"search_term_string\"}}],\"inLanguage\":\"en-US\"},{\"@type\":\"Organization\",\"@id\":\"https:\\\/\\\/pharmaciedegardetanger.site\\\/#organization\",\"name\":\"Pharmacie de garde Tanger\",\"url\":\"https:\\\/\\\/pharmaciedegardetanger.site\\\/\",\"logo\":{\"@type\":\"ImageObject\",\"inLanguage\":\"en-US\",\"@id\":\"https:\\\/\\\/pharmaciedegardetanger.site\\\/#\\\/schema\\\/logo\\\/image\\\/\",\"url\":\"https:\\\/\\\/pharmaciedegardetanger.site\\\/wp-content\\\/uploads\\\/2025\\\/04\\\/pharmacie-de-garde-tanger.png\",\"contentUrl\":\"https:\\\/\\\/pharmaciedegardetanger.site\\\/wp-content\\\/uploads\\\/2025\\\/04\\\/pharmacie-de-garde-tanger.png\",\"width\":512,\"height\":512,\"caption\":\"Pharmacie de garde Tanger\"},\"image\":{\"@id\":\"https:\\\/\\\/pharmaciedegardetanger.site\\\/#\\\/schema\\\/logo\\\/image\\\/\"}}]}<\/script>\n<!-- \/ Yoast SEO plugin. -->","yoast_head_json":{"title":"Pharmacie permanence Tanger \u2013 Trouvez une pharmacie ouverte","description":"Consultez la liste des pharmacie permanence Tanger, avec horaires, adresses et services disponibles. Pour livraison \u00e0 domicile 0712399328.","robots":{"index":"index","follow":"follow","max-snippet":"max-snippet:-1","max-image-preview":"max-image-preview:large","max-video-preview":"max-video-preview:-1"},"canonical":"https:\/\/pharmaciedegardetanger.site\/en\/pharmacie-permanence-tanger\/","og_locale":"en_US","og_type":"article","og_title":"Pharmacie permanence Tanger \u2013 Trouvez une pharmacie ouverte","og_description":"Consultez la liste des pharmacie permanence Tanger, avec horaires, adresses et services disponibles. Pour livraison \u00e0 domicile 0712399328.","og_url":"https:\/\/pharmaciedegardetanger.site\/en\/pharmacie-permanence-tanger\/","og_site_name":"Pharmacie de garde Tanger","article_modified_time":"2025-09-26T09:32:21+00:00","og_image":[{"url":"http:\/\/pharmaciedegardetanger.site\/wp-content\/uploads\/2025\/04\/warehouse-pharmacy-1024x683.webp","type":"","width":"","height":""}],"twitter_card":"summary_large_image","twitter_misc":{"Est. reading time":"2 minutes"},"schema":{"@context":"https:\/\/schema.org","@graph":[{"@type":"WebPage","@id":"https:\/\/pharmaciedegardetanger.site\/pharmacie-permanence-tanger\/","url":"https:\/\/pharmaciedegardetanger.site\/pharmacie-permanence-tanger\/","name":"Pharmacie permanence Tanger \u2013 Trouvez une pharmacie ouverte","isPartOf":{"@id":"https:\/\/pharmaciedegardetanger.site\/#website"},"primaryImageOfPage":{"@id":"https:\/\/pharmaciedegardetanger.site\/pharmacie-permanence-tanger\/#primaryimage"},"image":{"@id":"https:\/\/pharmaciedegardetanger.site\/pharmacie-permanence-tanger\/#primaryimage"},"thumbnailUrl":"http:\/\/pharmaciedegardetanger.site\/wp-content\/uploads\/2025\/04\/warehouse-pharmacy-1024x683.webp","datePublished":"2025-04-22T00:45:38+00:00","dateModified":"2025-09-26T09:32:21+00:00","description":"Consultez la liste des pharmacie permanence Tanger, avec horaires, adresses et services disponibles. Pour livraison \u00e0 domicile 0712399328.","breadcrumb":{"@id":"https:\/\/pharmaciedegardetanger.site\/pharmacie-permanence-tanger\/#breadcrumb"},"inLanguage":"en-US","potentialAction":[{"@type":"ReadAction","target":["https:\/\/pharmaciedegardetanger.site\/pharmacie-permanence-tanger\/"]}]},{"@type":"ImageObject","inLanguage":"en-US","@id":"https:\/\/pharmaciedegardetanger.site\/pharmacie-permanence-tanger\/#primaryimage","url":"http:\/\/pharmaciedegardetanger.site\/wp-content\/uploads\/2025\/04\/warehouse-pharmacy-1024x683.webp","contentUrl":"http:\/\/pharmaciedegardetanger.site\/wp-content\/uploads\/2025\/04\/warehouse-pharmacy-1024x683.webp"},{"@type":"BreadcrumbList","@id":"https:\/\/pharmaciedegardetanger.site\/pharmacie-permanence-tanger\/#breadcrumb","itemListElement":[{"@type":"ListItem","position":1,"name":"Home","item":"https:\/\/pharmaciedegardetanger.site\/"},{"@type":"ListItem","position":2,"name":"pharmacie permanence tanger"}]},{"@type":"WebSite","@id":"https:\/\/pharmaciedegardetanger.site\/#website","url":"https:\/\/pharmaciedegardetanger.site\/","name":"Pharmacie de garde Tanger","description":"\u0635\u064a\u062f\u0644\u064a\u0629 \u0627\u0644\u062d\u0631\u0627\u0633\u0629 \u0628\u0645\u062f\u064a\u0646\u0629 \u0637\u0646\u062c\u0629","publisher":{"@id":"https:\/\/pharmaciedegardetanger.site\/#organization"},"potentialAction":[{"@type":"SearchAction","target":{"@type":"EntryPoint","urlTemplate":"https:\/\/pharmaciedegardetanger.site\/?s={search_term_string}"},"query-input":{"@type":"PropertyValueSpecification","valueRequired":true,"valueName":"search_term_string"}}],"inLanguage":"en-US"},{"@type":"Organization","@id":"https:\/\/pharmaciedegardetanger.site\/#organization","name":"Pharmacie de garde Tanger","url":"https:\/\/pharmaciedegardetanger.site\/","logo":{"@type":"ImageObject","inLanguage":"en-US","@id":"https:\/\/pharmaciedegardetanger.site\/#\/schema\/logo\/image\/","url":"https:\/\/pharmaciedegardetanger.site\/wp-content\/uploads\/2025\/04\/pharmacie-de-garde-tanger.png","contentUrl":"https:\/\/pharmaciedegardetanger.site\/wp-content\/uploads\/2025\/04\/pharmacie-de-garde-tanger.png","width":512,"height":512,"caption":"Pharmacie de garde Tanger"},"image":{"@id":"https:\/\/pharmaciedegardetanger.site\/#\/schema\/logo\/image\/"}}]}},"uagb_featured_image_src":{"full":false,"thumbnail":false,"medium":false,"medium_large":false,"large":false,"1536x1536":false,"2048x2048":false,"trp-custom-language-flag":false},"uagb_author_info":{"display_name":"sara manar","author_link":"https:\/\/pharmaciedegardetanger.site\/en\/author\/sara-manar\/"},"uagb_comment_info":0,"uagb_excerpt":"Pharmacie permanence Tanger \u2013 Trouvez une pharmacie ouverte aujourd\u2019hui Vous cherchez une pharmacie de permanence \u00e0 Tanger ? Que ce [&hellip;]","_links":{"self":[{"href":"https:\/\/pharmaciedegardetanger.site\/en\/wp-json\/wp\/v2\/pages\/522","targetHints":{"allow":["GET"]}}],"collection":[{"href":"https:\/\/pharmaciedegardetanger.site\/en\/wp-json\/wp\/v2\/pages"}],"about":[{"href":"https:\/\/pharmaciedegardetanger.site\/en\/wp-json\/wp\/v2\/types\/page"}],"author":[{"embeddable":true,"href":"https:\/\/pharmaciedegardetanger.site\/en\/wp-json\/wp\/v2\/users\/1"}],"replies":[{"embeddable":true,"href":"https:\/\/pharmaciedegardetanger.site\/en\/wp-json\/wp\/v2\/comments?post=522"}],"version-history":[{"count":10,"href":"https:\/\/pharmaciedegardetanger.site\/en\/wp-json\/wp\/v2\/pages\/522\/revisions"}],"predecessor-version":[{"id":877,"href":"https:\/\/pharmaciedegardetanger.site\/en\/wp-json\/wp\/v2\/pages\/522\/revisions\/877"}],"wp:attachment":[{"href":"https:\/\/pharmaciedegardetanger.site\/en\/wp-json\/wp\/v2\/media?parent=522"}],"curies":[{"name":"wp","href":"https:\/\/api.w.org\/{rel}","templated":true}]}}