{"id":574,"date":"2025-04-22T22:57:29","date_gmt":"2025-04-22T22:57:29","guid":{"rendered":"https:\/\/pharmaciedegardetanger.site\/?page_id=574"},"modified":"2025-04-22T23:21:47","modified_gmt":"2025-04-22T23:21:47","slug":"pharmacie-de-garde-maroc","status":"publish","type":"page","link":"https:\/\/pharmaciedegardetanger.site\/en\/pharmacie-de-garde-maroc\/","title":{"rendered":"pharmacie de garde maroc"},"content":{"rendered":"<div data-elementor-type=\"wp-page\" data-elementor-id=\"574\" class=\"elementor elementor-574\">\n\t\t\t\t<div class=\"elementor-element elementor-element-74fed51 e-flex e-con-boxed e-con e-parent\" data-id=\"74fed51\" data-element_type=\"container\" data-e-type=\"container\">\n\t\t\t\t\t<div class=\"e-con-inner\">\n\t\t<div class=\"elementor-element elementor-element-f545ad2 e-con-full e-flex e-con e-child\" data-id=\"f545ad2\" data-element_type=\"container\" data-e-type=\"container\">\n\t\t\t\t<div class=\"elementor-element elementor-element-d92326a elementor-widget elementor-widget-heading\" data-id=\"d92326a\" data-element_type=\"widget\" data-e-type=\"widget\" data-widget_type=\"heading.default\">\n\t\t\t\t<div class=\"elementor-widget-container\">\n\t\t\t\t\t<h1 class=\"elementor-heading-title elementor-size-default\">Pharmacie de Garde Maroc | Trouvez une Pharmacie Ouverte 24h\/24<\/h1>\t\t\t\t<\/div>\n\t\t\t\t<\/div>\n\t\t\t\t<div class=\"elementor-element elementor-element-82d1953 elementor-widget elementor-widget-text-editor\" data-id=\"82d1953\" data-element_type=\"widget\" data-e-type=\"widget\" data-widget_type=\"text-editor.default\">\n\t\t\t\t<div class=\"elementor-widget-container\">\n\t\t\t\t\t\t\t\t\t<p class=\"\" data-start=\"265\" data-end=\"551\">Vous recherchez une <strong data-start=\"285\" data-end=\"316\">pharmacie de garde au Maroc<\/strong> ouverte la nuit, le week-end ou pendant un jour f\u00e9ri\u00e9 ? Que vous soyez \u00e0 Casablanca, Rabat, Tanger, Marrakech ou dans une autre ville du royaume, nous vous aidons \u00e0 localiser rapidement une pharmacie ouverte en cas d\u2019urgence m\u00e9dicale.<\/p>\t\t\t\t\t\t\t\t<\/div>\n\t\t\t\t<\/div>\n\t\t\t\t<\/div>\n\t\t\t\t\t<\/div>\n\t\t\t\t<\/div>\n\t\t<div class=\"elementor-element elementor-element-9cb0b04 e-flex e-con-boxed e-con e-parent\" data-id=\"9cb0b04\" data-element_type=\"container\" data-e-type=\"container\">\n\t\t\t\t\t<div class=\"e-con-inner\">\n\t\t<div class=\"elementor-element elementor-element-67a10cd e-con-full e-flex e-con e-child\" data-id=\"67a10cd\" data-element_type=\"container\" data-e-type=\"container\">\n\t\t\t\t<div class=\"elementor-element elementor-element-29ab253 elementor-widget elementor-widget-heading\" data-id=\"29ab253\" data-element_type=\"widget\" data-e-type=\"widget\" data-widget_type=\"heading.default\">\n\t\t\t\t<div class=\"elementor-widget-container\">\n\t\t\t\t\t<h2 class=\"elementor-heading-title elementor-size-default\">\ud83d\udccd Qu\u2019est-ce qu\u2019une Pharmacie de Garde au Maroc ?\n<\/h2>\t\t\t\t<\/div>\n\t\t\t\t<\/div>\n\t\t\t\t<div class=\"elementor-element elementor-element-c7542de elementor-widget elementor-widget-text-editor\" data-id=\"c7542de\" data-element_type=\"widget\" data-e-type=\"widget\" data-widget_type=\"text-editor.default\">\n\t\t\t\t<div class=\"elementor-widget-container\">\n\t\t\t\t\t\t\t\t\t<p class=\"\" data-start=\"607\" data-end=\"719\">Une <strong data-start=\"611\" data-end=\"633\">pharmacie de garde<\/strong> est une officine qui reste ouverte <strong data-start=\"669\" data-end=\"706\">en dehors des horaires classiques<\/strong>, notamment :<\/p><ul data-start=\"720\" data-end=\"803\"><li class=\"\" data-start=\"720\" data-end=\"760\"><p class=\"\" data-start=\"722\" data-end=\"760\">La <strong data-start=\"725\" data-end=\"733\">nuit<\/strong> (g\u00e9n\u00e9ralement de 20h \u00e0 9h)<\/p><\/li><li class=\"\" data-start=\"761\" data-end=\"780\"><p class=\"\" data-start=\"763\" data-end=\"780\">Les <strong data-start=\"767\" data-end=\"780\">week-ends<\/strong><\/p><\/li><li class=\"\" data-start=\"781\" data-end=\"803\"><p class=\"\" data-start=\"783\" data-end=\"803\">Les <strong data-start=\"787\" data-end=\"803\">jours f\u00e9ri\u00e9s<\/strong><\/p><\/li><\/ul><p class=\"\" data-start=\"805\" data-end=\"955\">Elle permet aux citoyens d\u2019avoir acc\u00e8s \u00e0 leurs traitements ou \u00e0 des m\u00e9dicaments urgents \u00e0 tout moment, m\u00eame en dehors des heures normales d\u2019ouverture.<\/p>\t\t\t\t\t\t\t\t<\/div>\n\t\t\t\t<\/div>\n\t\t\t\t<\/div>\n\t\t\t\t\t<\/div>\n\t\t\t\t<\/div>\n\t\t<div class=\"elementor-element elementor-element-6a8b0fa e-flex e-con-boxed e-con e-parent\" data-id=\"6a8b0fa\" data-element_type=\"container\" data-e-type=\"container\">\n\t\t\t\t\t<div class=\"e-con-inner\">\n\t\t<div class=\"elementor-element elementor-element-bdc4f40 e-con-full e-flex e-con e-child\" data-id=\"bdc4f40\" data-element_type=\"container\" data-e-type=\"container\">\n\t\t\t\t<div class=\"elementor-element elementor-element-f8beaa5 elementor-widget elementor-widget-heading\" data-id=\"f8beaa5\" data-element_type=\"widget\" data-e-type=\"widget\" data-widget_type=\"heading.default\">\n\t\t\t\t<div class=\"elementor-widget-container\">\n\t\t\t\t\t<h3 class=\"elementor-heading-title elementor-size-default\">\ud83d\udccc Liste des villes \n<\/h3>\t\t\t\t<\/div>\n\t\t\t\t<\/div>\n\t\t\t\t<div class=\"elementor-element elementor-element-4911baf elementor-widget elementor-widget-text-editor\" data-id=\"4911baf\" data-element_type=\"widget\" data-e-type=\"widget\" data-widget_type=\"text-editor.default\">\n\t\t\t\t<div class=\"elementor-widget-container\">\n\t\t\t\t\t\t\t\t\t<p>Nous vous aidons \u00e0 trouver une pharmacie de garde \u00e0 Tanger. Dans cette liste, vous pouvez consulter les sites qui partagent les listes de pharmacies de garde dans les diff\u00e9rentes villes du Maroc.<\/p>\t\t\t\t\t\t\t\t<\/div>\n\t\t\t\t<\/div>\n\t\t\t\t<\/div>\n\t\t\t\t\t<\/div>\n\t\t\t\t<\/div>\n\t\t<div class=\"elementor-element elementor-element-14d465f e-flex e-con-boxed e-con e-parent\" data-id=\"14d465f\" data-element_type=\"container\" data-e-type=\"container\">\n\t\t\t\t\t<div class=\"e-con-inner\">\n\t\t\t\t<div class=\"elementor-element elementor-element-480802a elementor-widget__width-initial elementor-widget elementor-widget-text-editor\" data-id=\"480802a\" data-element_type=\"widget\" data-e-type=\"widget\" data-widget_type=\"text-editor.default\">\n\t\t\t\t<div class=\"elementor-widget-container\">\n\t\t\t\t\t\t\t\t\t<p><a href=\"https:\/\/pharmaciedegardetanger.site\/en\/\">pharmacie de garde Tanger<\/a><\/p><p><a href=\"https:\/\/www.guidepharmacies.ma\/pharmacies-de-garde\/rabat.html\">pharmacie de garde rabat<\/a><\/p><p><a href=\"https:\/\/www.pharmacies-garde-casablanca.com\/\">pharmacie de garde casablanca<\/a><\/p><p><a class=\"sm-cell-phrase__link ___SLink_anxqe-kmt_ ___SText_4zaxo-kmt_\" tabindex=\"0\" role=\"link\" href=\"https:\/\/pharmagarde.ma\/pharmacie-de-garde-nador\/\" target=\"_blank\" rel=\"noopener\" data-ui-name=\"Link\" aria-label=\"Analyze pharmacie de garde nador in Keyword Overview\" data-path=\"report.table.keyword_cell.keyword_link\"><span class=\"___SText_anxqe-kmt_\" data-ui-name=\"Link.Text\">pharmacie de garde nador<\/span><\/a><\/p><p><a class=\"sm-cell-phrase__link ___SLink_anxqe-kmt_ ___SText_4zaxo-kmt_\" tabindex=\"0\" role=\"link\" href=\"https:\/\/errachidia.com\/\" target=\"_blank\" rel=\"noopener\" data-ui-name=\"Link\" aria-label=\"Analyze pharmacie de garde errachidia in Keyword Overview\" data-path=\"report.table.keyword_cell.keyword_link\"><span class=\"___SText_anxqe-kmt_\" data-ui-name=\"Link.Text\">pharmacie de garde errachidia<\/span><\/a><\/p><p><a class=\"sm-cell-phrase__link ___SLink_anxqe-kmt_ ___SText_4zaxo-kmt_\" tabindex=\"0\" role=\"link\" href=\"https:\/\/pharmaciedegardekenitra.com\/\" target=\"_blank\" rel=\"noopener\" data-ui-name=\"Link\" aria-label=\"Analyze pharmacie de garde kenitra aujourd hui in Keyword Overview\" data-path=\"report.table.keyword_cell.keyword_link\"><span class=\"___SText_anxqe-kmt_\" data-ui-name=\"Link.Text\">pharmacie de garde kenitra<\/span><\/a><\/p><div class=\"sm-table-layout__cell sm-table-layout__cell_align_left sm-table-layout__cell_fixed-cell_phrase\" role=\"cell\" data-testid=\"table-cell-keyword\"><div class=\"sm-cell-phrase\"><div><a class=\"sm-cell-phrase__link ___SLink_anxqe-kmt_ ___SText_4zaxo-kmt_\" tabindex=\"0\" role=\"link\" href=\"https:\/\/web.facebook.com\/p\/Taza-pharmacie-de-garde-100057285736177\/?locale=fr_FR&amp;_rdc=1&amp;_rdr#\" target=\"_blank\" rel=\"noopener\" data-ui-name=\"Link\" aria-label=\"Analyze pharmacie de garde taza in Keyword Overview\" data-path=\"report.table.keyword_cell.keyword_link\"><span class=\"___SText_anxqe-kmt_\" data-ui-name=\"Link.Text\">pharmacie de garde taza<\/span><\/a><\/div><div><div>\u00a0<\/div><div class=\"sm-cell-phrase__addons-container\"><div class=\"sm-table-layout__cell sm-table-layout__cell_align_left sm-table-layout__cell_fixed-cell_phrase\" role=\"cell\" data-testid=\"table-cell-keyword\"><div class=\"sm-cell-phrase\"><div><a class=\"sm-cell-phrase__link ___SLink_anxqe-kmt_ ___SText_4zaxo-kmt_\" tabindex=\"0\" role=\"link\" href=\"https:\/\/www.annuaire-gratuit.ma\/pharmacie-garde-tetouan.html\" target=\"_blank\" rel=\"noopener\" data-ui-name=\"Link\" aria-label=\"Analyze pharmacie de garde tetouan in Keyword Overview\" data-path=\"report.table.keyword_cell.keyword_link\"><span class=\"___SText_anxqe-kmt_\" data-ui-name=\"Link.Text\">pharmacie de garde tetouan<\/span><\/a><\/div><div><div>\u00a0<\/div><div class=\"sm-table-layout__cell sm-table-layout__cell_align_left sm-table-layout__cell_fixed-cell_phrase\" role=\"cell\" data-testid=\"table-cell-keyword\"><div class=\"sm-cell-phrase\"><div><div class=\"sm-cell-phrase__addons-container\"><div class=\"sm-table-layout__cell sm-table-layout__cell_align_left sm-table-layout__cell_fixed-cell_phrase\" role=\"cell\" data-testid=\"table-cell-keyword\"><div class=\"sm-cell-phrase\"><div><div class=\"sm-cell-phrase__addons-container\"><div class=\"sm-table-layout__cell sm-table-layout__cell_align_left sm-table-layout__cell_fixed-cell_phrase\" role=\"cell\" data-testid=\"table-cell-keyword\"><div class=\"sm-cell-phrase\"><div><p><a class=\"sm-cell-phrase__link ___SLink_anxqe-kmt_ ___SText_4zaxo-kmt_\" tabindex=\"0\" role=\"link\" href=\"https:\/\/www.syndicat-pharmaciens-marrakech.com\/pharmacies-de-garde-marrakech\" target=\"_blank\" rel=\"noopener\" data-ui-name=\"Link\" aria-label=\"Analyze pharmacie de garde marrakech in Keyword Overview\" data-path=\"report.table.keyword_cell.keyword_link\"><span class=\"___SText_anxqe-kmt_\" data-ui-name=\"Link.Text\">pharmacie de garde marrakech<\/span><\/a><\/p><\/div><\/div><\/div><\/div><\/div><\/div><\/div><\/div><\/div><\/div><\/div><\/div><\/div><\/div><\/div><\/div><\/div><\/div><div class=\"sm-table-layout__cell sm-table-layout__cell_align_left sm-table-layout__cell_fixed-cell_phrase\" role=\"cell\" data-testid=\"table-cell-keyword\"><div class=\"sm-cell-phrase\"><div><div class=\"sm-cell-phrase__addons-container\"><div class=\"sm-table-layout__cell sm-table-layout__cell_align_left sm-table-layout__cell_fixed-cell_phrase\" role=\"cell\" data-testid=\"table-cell-keyword\"><div class=\"sm-cell-phrase\"><div><div class=\"sm-cell-phrase__addons-container\"><div class=\"sm-table-layout__cell sm-table-layout__cell_align_left sm-table-layout__cell_fixed-cell_phrase\" role=\"cell\" data-testid=\"table-cell-keyword\"><div class=\"sm-cell-phrase\"><div><p>\u00a0<\/p><div class=\"sm-cell-phrase__addons-container\"><p>\u200b<\/p><div class=\"sm-cell-phrase__addon\"><div class=\"kow-dropdown\"><div class=\"___SBoxInline_hxdly-kow kow-dropdown__tooltip\" data-ui-name=\"Tooltip\">\u00a0<\/div><\/div><\/div><\/div><\/div><\/div><\/div><div class=\"sm-table-layout__cell sm-table-layout__cell_align_left\" role=\"cell\" data-testid=\"table-cell-intent\"><div class=\"sm-cell-intent\"><div class=\"___SBoxInline_orfji-kmt_ sm-cell-intent__tooltip\" data-ui-name=\"Tooltip\">\u00a0<\/div><\/div><\/div><p>\u200b<\/p><div class=\"sm-cell-phrase__addon\"><div class=\"kow-dropdown\"><div class=\"___SBoxInline_hxdly-kow kow-dropdown__tooltip\" data-ui-name=\"Tooltip\">\u00a0<\/div><\/div><\/div><\/div><\/div><\/div><\/div><div class=\"sm-table-layout__cell sm-table-layout__cell_align_left\" role=\"cell\" data-testid=\"table-cell-intent\"><div class=\"sm-cell-intent\"><div class=\"___SBoxInline_orfji-kmt_ sm-cell-intent__tooltip\" data-ui-name=\"Tooltip\">\u00a0<\/div><\/div><\/div><p>\u200b<\/p><div class=\"sm-cell-phrase__addon\"><div class=\"kow-dropdown\"><div class=\"___SBoxInline_hxdly-kow kow-dropdown__tooltip\" data-ui-name=\"Tooltip\">\u00a0<\/div><\/div><\/div><\/div><\/div><\/div><\/div><div class=\"sm-table-layout__cell sm-table-layout__cell_align_left\" role=\"cell\" data-testid=\"table-cell-intent\"><div class=\"sm-cell-intent\"><div class=\"___SBoxInline_orfji-kmt_ sm-cell-intent__tooltip\" data-ui-name=\"Tooltip\">\u00a0<\/div><\/div><\/div>\t\t\t\t\t\t\t\t<\/div>\n\t\t\t\t<\/div>\n\t\t\t\t\t<\/div>\n\t\t\t\t<\/div>\n\t\t\t\t<\/div>","protected":false},"excerpt":{"rendered":"<p>Pharmacie de Garde Maroc | Trouvez une Pharmacie Ouverte 24h\/24 Vous recherchez une pharmacie de garde au Maroc ouverte la [&hellip;]<\/p>\n","protected":false},"author":1,"featured_media":0,"parent":0,"menu_order":0,"comment_status":"closed","ping_status":"closed","template":"","meta":{"_uag_custom_page_level_css":"","site-sidebar-layout":"no-sidebar","site-content-layout":"","ast-site-content-layout":"full-width-container","site-content-style":"default","site-sidebar-style":"default","ast-global-header-display":"","ast-banner-title-visibility":"","ast-main-header-display":"","ast-hfb-above-header-display":"","ast-hfb-below-header-display":"","ast-hfb-mobile-header-display":"","site-post-title":"disabled","ast-breadcrumbs-content":"","ast-featured-img":"disabled","footer-sml-layout":"","ast-disable-related-posts":"","theme-transparent-header-meta":"","adv-header-id-meta":"","stick-header-meta":"","header-above-stick-meta":"","header-main-stick-meta":"","header-below-stick-meta":"","astra-migrate-meta-layouts":"default","ast-page-background-enabled":"default","ast-page-background-meta":{"desktop":{"background-color":"var(--ast-global-color-4)","background-image":"","background-repeat":"repeat","background-position":"center center","background-size":"auto","background-attachment":"scroll","background-type":"","background-media":"","overlay-type":"","overlay-color":"","overlay-opacity":"","overlay-gradient":""},"tablet":{"background-color":"","background-image":"","background-repeat":"repeat","background-position":"center center","background-size":"auto","background-attachment":"scroll","background-type":"","background-media":"","overlay-type":"","overlay-color":"","overlay-opacity":"","overlay-gradient":""},"mobile":{"background-color":"","background-image":"","background-repeat":"repeat","background-position":"center center","background-size":"auto","background-attachment":"scroll","background-type":"","background-media":"","overlay-type":"","overlay-color":"","overlay-opacity":"","overlay-gradient":""}},"ast-content-background-meta":{"desktop":{"background-color":"var(--ast-global-color-5)","background-image":"","background-repeat":"repeat","background-position":"center center","background-size":"auto","background-attachment":"scroll","background-type":"","background-media":"","overlay-type":"","overlay-color":"","overlay-opacity":"","overlay-gradient":""},"tablet":{"background-color":"var(--ast-global-color-5)","background-image":"","background-repeat":"repeat","background-position":"center center","background-size":"auto","background-attachment":"scroll","background-type":"","background-media":"","overlay-type":"","overlay-color":"","overlay-opacity":"","overlay-gradient":""},"mobile":{"background-color":"var(--ast-global-color-5)","background-image":"","background-repeat":"repeat","background-position":"center center","background-size":"auto","background-attachment":"scroll","background-type":"","background-media":"","overlay-type":"","overlay-color":"","overlay-opacity":"","overlay-gradient":""}},"footnotes":""},"class_list":["post-574","page","type-page","status-publish","hentry"],"yoast_head":"<!-- This site is optimized with the Yoast SEO plugin v27.6 - https:\/\/yoast.com\/product\/yoast-seo-wordpress\/ -->\n<title>pharmacie de garde maroc - Pharmacie de garde Tanger<\/title>\n<meta name=\"description\" content=\"pharmacie de garde maroc - Trouvez une pharmacie ouverte pr\u00e8s de chez vous Pharmacie de garde Tanger\" \/>\n<meta name=\"robots\" content=\"index, follow, max-snippet:-1, max-image-preview:large, max-video-preview:-1\" \/>\n<link rel=\"canonical\" href=\"https:\/\/pharmaciedegardetanger.site\/en\/pharmacie-de-garde-maroc\/\" \/>\n<meta property=\"og:locale\" content=\"en_US\" \/>\n<meta property=\"og:type\" content=\"article\" \/>\n<meta property=\"og:title\" content=\"pharmacie de garde maroc - Pharmacie de garde Tanger\" \/>\n<meta property=\"og:description\" content=\"pharmacie de garde maroc - Trouvez une pharmacie ouverte pr\u00e8s de chez vous Pharmacie de garde Tanger\" \/>\n<meta property=\"og:url\" content=\"https:\/\/pharmaciedegardetanger.site\/en\/pharmacie-de-garde-maroc\/\" \/>\n<meta property=\"og:site_name\" content=\"Pharmacie de garde Tanger\" \/>\n<meta property=\"article:modified_time\" content=\"2025-04-22T23:21:47+00:00\" \/>\n<meta name=\"twitter:card\" content=\"summary_large_image\" \/>\n<meta name=\"twitter:label1\" content=\"Est. reading time\" \/>\n\t<meta name=\"twitter:data1\" content=\"1 minute\" \/>\n<script type=\"application\/ld+json\" class=\"yoast-schema-graph\">{\"@context\":\"https:\\\/\\\/schema.org\",\"@graph\":[{\"@type\":\"WebPage\",\"@id\":\"https:\\\/\\\/pharmaciedegardetanger.site\\\/pharmacie-de-garde-maroc\\\/\",\"url\":\"https:\\\/\\\/pharmaciedegardetanger.site\\\/pharmacie-de-garde-maroc\\\/\",\"name\":\"pharmacie de garde maroc - Pharmacie de garde Tanger\",\"isPartOf\":{\"@id\":\"https:\\\/\\\/pharmaciedegardetanger.site\\\/#website\"},\"datePublished\":\"2025-04-22T22:57:29+00:00\",\"dateModified\":\"2025-04-22T23:21:47+00:00\",\"description\":\"pharmacie de garde maroc - Trouvez une pharmacie ouverte pr\u00e8s de chez vous Pharmacie de garde Tanger\",\"breadcrumb\":{\"@id\":\"https:\\\/\\\/pharmaciedegardetanger.site\\\/pharmacie-de-garde-maroc\\\/#breadcrumb\"},\"inLanguage\":\"en-US\",\"potentialAction\":[{\"@type\":\"ReadAction\",\"target\":[\"https:\\\/\\\/pharmaciedegardetanger.site\\\/pharmacie-de-garde-maroc\\\/\"]}]},{\"@type\":\"BreadcrumbList\",\"@id\":\"https:\\\/\\\/pharmaciedegardetanger.site\\\/pharmacie-de-garde-maroc\\\/#breadcrumb\",\"itemListElement\":[{\"@type\":\"ListItem\",\"position\":1,\"name\":\"Home\",\"item\":\"https:\\\/\\\/pharmaciedegardetanger.site\\\/\"},{\"@type\":\"ListItem\",\"position\":2,\"name\":\"pharmacie de garde maroc\"}]},{\"@type\":\"WebSite\",\"@id\":\"https:\\\/\\\/pharmaciedegardetanger.site\\\/#website\",\"url\":\"https:\\\/\\\/pharmaciedegardetanger.site\\\/\",\"name\":\"Pharmacie de garde Tanger\",\"description\":\"\u0635\u064a\u062f\u0644\u064a\u0629 \u0627\u0644\u062d\u0631\u0627\u0633\u0629 \u0628\u0645\u062f\u064a\u0646\u0629 \u0637\u0646\u062c\u0629\",\"publisher\":{\"@id\":\"https:\\\/\\\/pharmaciedegardetanger.site\\\/#organization\"},\"potentialAction\":[{\"@type\":\"SearchAction\",\"target\":{\"@type\":\"EntryPoint\",\"urlTemplate\":\"https:\\\/\\\/pharmaciedegardetanger.site\\\/?s={search_term_string}\"},\"query-input\":{\"@type\":\"PropertyValueSpecification\",\"valueRequired\":true,\"valueName\":\"search_term_string\"}}],\"inLanguage\":\"en-US\"},{\"@type\":\"Organization\",\"@id\":\"https:\\\/\\\/pharmaciedegardetanger.site\\\/#organization\",\"name\":\"Pharmacie de garde Tanger\",\"url\":\"https:\\\/\\\/pharmaciedegardetanger.site\\\/\",\"logo\":{\"@type\":\"ImageObject\",\"inLanguage\":\"en-US\",\"@id\":\"https:\\\/\\\/pharmaciedegardetanger.site\\\/#\\\/schema\\\/logo\\\/image\\\/\",\"url\":\"https:\\\/\\\/pharmaciedegardetanger.site\\\/wp-content\\\/uploads\\\/2025\\\/04\\\/pharmacie-de-garde-tanger.png\",\"contentUrl\":\"https:\\\/\\\/pharmaciedegardetanger.site\\\/wp-content\\\/uploads\\\/2025\\\/04\\\/pharmacie-de-garde-tanger.png\",\"width\":512,\"height\":512,\"caption\":\"Pharmacie de garde Tanger\"},\"image\":{\"@id\":\"https:\\\/\\\/pharmaciedegardetanger.site\\\/#\\\/schema\\\/logo\\\/image\\\/\"}}]}<\/script>\n<!-- \/ Yoast SEO plugin. -->","yoast_head_json":{"title":"pharmacie de garde maroc - Pharmacie de garde Tanger","description":"pharmacie de garde maroc - Trouvez une pharmacie ouverte pr\u00e8s de chez vous Pharmacie de garde Tanger","robots":{"index":"index","follow":"follow","max-snippet":"max-snippet:-1","max-image-preview":"max-image-preview:large","max-video-preview":"max-video-preview:-1"},"canonical":"https:\/\/pharmaciedegardetanger.site\/en\/pharmacie-de-garde-maroc\/","og_locale":"en_US","og_type":"article","og_title":"pharmacie de garde maroc - Pharmacie de garde Tanger","og_description":"pharmacie de garde maroc - Trouvez une pharmacie ouverte pr\u00e8s de chez vous Pharmacie de garde Tanger","og_url":"https:\/\/pharmaciedegardetanger.site\/en\/pharmacie-de-garde-maroc\/","og_site_name":"Pharmacie de garde Tanger","article_modified_time":"2025-04-22T23:21:47+00:00","twitter_card":"summary_large_image","twitter_misc":{"Est. reading time":"1 minute"},"schema":{"@context":"https:\/\/schema.org","@graph":[{"@type":"WebPage","@id":"https:\/\/pharmaciedegardetanger.site\/pharmacie-de-garde-maroc\/","url":"https:\/\/pharmaciedegardetanger.site\/pharmacie-de-garde-maroc\/","name":"pharmacie de garde maroc - Pharmacie de garde Tanger","isPartOf":{"@id":"https:\/\/pharmaciedegardetanger.site\/#website"},"datePublished":"2025-04-22T22:57:29+00:00","dateModified":"2025-04-22T23:21:47+00:00","description":"pharmacie de garde maroc - Trouvez une pharmacie ouverte pr\u00e8s de chez vous Pharmacie de garde Tanger","breadcrumb":{"@id":"https:\/\/pharmaciedegardetanger.site\/pharmacie-de-garde-maroc\/#breadcrumb"},"inLanguage":"en-US","potentialAction":[{"@type":"ReadAction","target":["https:\/\/pharmaciedegardetanger.site\/pharmacie-de-garde-maroc\/"]}]},{"@type":"BreadcrumbList","@id":"https:\/\/pharmaciedegardetanger.site\/pharmacie-de-garde-maroc\/#breadcrumb","itemListElement":[{"@type":"ListItem","position":1,"name":"Home","item":"https:\/\/pharmaciedegardetanger.site\/"},{"@type":"ListItem","position":2,"name":"pharmacie de garde maroc"}]},{"@type":"WebSite","@id":"https:\/\/pharmaciedegardetanger.site\/#website","url":"https:\/\/pharmaciedegardetanger.site\/","name":"Pharmacie de garde Tanger","description":"\u0635\u064a\u062f\u0644\u064a\u0629 \u0627\u0644\u062d\u0631\u0627\u0633\u0629 \u0628\u0645\u062f\u064a\u0646\u0629 \u0637\u0646\u062c\u0629","publisher":{"@id":"https:\/\/pharmaciedegardetanger.site\/#organization"},"potentialAction":[{"@type":"SearchAction","target":{"@type":"EntryPoint","urlTemplate":"https:\/\/pharmaciedegardetanger.site\/?s={search_term_string}"},"query-input":{"@type":"PropertyValueSpecification","valueRequired":true,"valueName":"search_term_string"}}],"inLanguage":"en-US"},{"@type":"Organization","@id":"https:\/\/pharmaciedegardetanger.site\/#organization","name":"Pharmacie de garde Tanger","url":"https:\/\/pharmaciedegardetanger.site\/","logo":{"@type":"ImageObject","inLanguage":"en-US","@id":"https:\/\/pharmaciedegardetanger.site\/#\/schema\/logo\/image\/","url":"https:\/\/pharmaciedegardetanger.site\/wp-content\/uploads\/2025\/04\/pharmacie-de-garde-tanger.png","contentUrl":"https:\/\/pharmaciedegardetanger.site\/wp-content\/uploads\/2025\/04\/pharmacie-de-garde-tanger.png","width":512,"height":512,"caption":"Pharmacie de garde Tanger"},"image":{"@id":"https:\/\/pharmaciedegardetanger.site\/#\/schema\/logo\/image\/"}}]}},"uagb_featured_image_src":{"full":false,"thumbnail":false,"medium":false,"medium_large":false,"large":false,"1536x1536":false,"2048x2048":false,"trp-custom-language-flag":false},"uagb_author_info":{"display_name":"sara manar","author_link":"https:\/\/pharmaciedegardetanger.site\/en\/author\/sara-manar\/"},"uagb_comment_info":0,"uagb_excerpt":"Pharmacie de Garde Maroc | Trouvez une Pharmacie Ouverte 24h\/24 Vous recherchez une pharmacie de garde au Maroc ouverte la [&hellip;]","_links":{"self":[{"href":"https:\/\/pharmaciedegardetanger.site\/en\/wp-json\/wp\/v2\/pages\/574","targetHints":{"allow":["GET"]}}],"collection":[{"href":"https:\/\/pharmaciedegardetanger.site\/en\/wp-json\/wp\/v2\/pages"}],"about":[{"href":"https:\/\/pharmaciedegardetanger.site\/en\/wp-json\/wp\/v2\/types\/page"}],"author":[{"embeddable":true,"href":"https:\/\/pharmaciedegardetanger.site\/en\/wp-json\/wp\/v2\/users\/1"}],"replies":[{"embeddable":true,"href":"https:\/\/pharmaciedegardetanger.site\/en\/wp-json\/wp\/v2\/comments?post=574"}],"version-history":[{"count":4,"href":"https:\/\/pharmaciedegardetanger.site\/en\/wp-json\/wp\/v2\/pages\/574\/revisions"}],"predecessor-version":[{"id":579,"href":"https:\/\/pharmaciedegardetanger.site\/en\/wp-json\/wp\/v2\/pages\/574\/revisions\/579"}],"wp:attachment":[{"href":"https:\/\/pharmaciedegardetanger.site\/en\/wp-json\/wp\/v2\/media?parent=574"}],"curies":[{"name":"wp","href":"https:\/\/api.w.org\/{rel}","templated":true}]}}