{"id":582,"date":"2025-04-22T23:30:49","date_gmt":"2025-04-22T23:30:49","guid":{"rendered":"https:\/\/pharmaciedegardetanger.site\/?page_id=582"},"modified":"2025-09-26T09:37:12","modified_gmt":"2025-09-26T09:37:12","slug":"pharmacie-de-garde-tanger-samedi-nuit","status":"publish","type":"page","link":"https:\/\/pharmaciedegardetanger.site\/en\/pharmacie-de-garde-tanger-samedi-nuit\/","title":{"rendered":"pharmacie de garde tanger samedi nuit"},"content":{"rendered":"<div data-elementor-type=\"wp-page\" data-elementor-id=\"582\" class=\"elementor elementor-582\">\n\t\t\t\t<div class=\"elementor-element elementor-element-923ba3b e-flex e-con-boxed e-con e-parent\" data-id=\"923ba3b\" data-element_type=\"container\" data-e-type=\"container\">\n\t\t\t\t\t<div class=\"e-con-inner\">\n\t\t<div class=\"elementor-element elementor-element-50d11a8 e-con-full e-flex e-con e-child\" data-id=\"50d11a8\" data-element_type=\"container\" data-e-type=\"container\">\n\t\t\t\t<div class=\"elementor-element elementor-element-7631466 elementor-widget elementor-widget-heading\" data-id=\"7631466\" data-element_type=\"widget\" data-e-type=\"widget\" data-widget_type=\"heading.default\">\n\t\t\t\t<div class=\"elementor-widget-container\">\n\t\t\t\t\t<h1 class=\"elementor-heading-title elementor-size-default\">pharmacie de garde tanger samedi nuit - Trouvez une pharmacie ouverte pr\u00e8s de chez vous<\/h1>\t\t\t\t<\/div>\n\t\t\t\t<\/div>\n\t\t\t\t<div class=\"elementor-element elementor-element-054867b elementor-widget elementor-widget-text-editor\" data-id=\"054867b\" data-element_type=\"widget\" data-e-type=\"widget\" data-widget_type=\"text-editor.default\">\n\t\t\t\t<div class=\"elementor-widget-container\">\n\t\t\t\t\t\t\t\t\t<p class=\"\" data-start=\"787\" data-end=\"982\">Vous avez besoin de m\u00e9dicaments en urgence \u00e0 Tanger ? Que ce soit en pleine nuit, le week-end ou un jour f\u00e9ri\u00e9, il est crucial de savoir quelle est la pharmacie de garde tanger samedi nuit .<\/p><p class=\"\" data-start=\"984\" data-end=\"1216\">Nous mettons \u00e0 votre disposition une liste mise \u00e0 jour quotidiennement des\u00a0<strong data-start=\"1059\" data-end=\"1091\">pharmacies ouvertes \u00e0 Tanger<\/strong>, ainsi que des informations utiles pour vous aider \u00e0 y acc\u00e9der rapidement ou \u00e0 vous faire livrer vos m\u00e9dicaments \u00e0 domicile.<\/p>\t\t\t\t\t\t\t\t<\/div>\n\t\t\t\t<\/div>\n\t\t\t\t<\/div>\n\t\t\t\t\t<\/div>\n\t\t\t\t<\/div>\n\t\t<div class=\"elementor-element elementor-element-ff70ea2 e-flex e-con-boxed e-con e-parent\" data-id=\"ff70ea2\" data-element_type=\"container\" data-e-type=\"container\">\n\t\t\t\t\t<div class=\"e-con-inner\">\n\t\t\t\t<div class=\"elementor-element elementor-element-94b3ea4 elementor-align-center elementor-widget__width-initial elementor-widget elementor-widget-button\" data-id=\"94b3ea4\" data-element_type=\"widget\" data-e-type=\"widget\" data-widget_type=\"button.default\">\n\t\t\t\t<div class=\"elementor-widget-container\">\n\t\t\t\t\t\t\t\t\t<div class=\"elementor-button-wrapper\">\n\t\t\t\t\t<a class=\"elementor-button elementor-button-link elementor-size-sm\" href=\"http:\/\/pharmaciedegardetanger.site\/en\/\">\n\t\t\t\t\t\t<span class=\"elementor-button-content-wrapper\">\n\t\t\t\t\t\t\t\t\t<span class=\"elementor-button-text\">Cliquez ici pour consulter la liste des pharmacies de garde \u00e0 Tanger.<\/span>\n\t\t\t\t\t<\/span>\n\t\t\t\t\t<\/a>\n\t\t\t\t<\/div>\n\t\t\t\t\t\t\t\t<\/div>\n\t\t\t\t<\/div>\n\t\t\t\t\t<\/div>\n\t\t\t\t<\/div>\n\t\t<div class=\"elementor-element elementor-element-9b5f5e8 e-flex e-con-boxed e-con e-parent\" data-id=\"9b5f5e8\" data-element_type=\"container\" data-e-type=\"container\">\n\t\t\t\t\t<div class=\"e-con-inner\">\n\t\t\t\t<div class=\"elementor-element elementor-element-3ca54cd elementor-align-center elementor-widget__width-initial elementor-widget elementor-widget-button\" data-id=\"3ca54cd\" data-element_type=\"widget\" data-e-type=\"widget\" data-widget_type=\"button.default\">\n\t\t\t\t<div class=\"elementor-widget-container\">\n\t\t\t\t\t\t\t\t\t<div class=\"elementor-button-wrapper\">\n\t\t\t\t\t<a class=\"elementor-button elementor-button-link elementor-size-sm\" href=\"https:\/\/wa.me\/212712399328\">\n\t\t\t\t\t\t<span class=\"elementor-button-content-wrapper\">\n\t\t\t\t\t\t\t\t\t<span class=\"elementor-button-text\">Cliquez ici pour le service de livraison de m\u00e9dicaments \u00e0 domicile \u00e0 Tanger<\/span>\n\t\t\t\t\t<\/span>\n\t\t\t\t\t<\/a>\n\t\t\t\t<\/div>\n\t\t\t\t\t\t\t\t<\/div>\n\t\t\t\t<\/div>\n\t\t\t\t\t<\/div>\n\t\t\t\t<\/div>\n\t\t<div class=\"elementor-element elementor-element-4e538d7 e-flex e-con-boxed e-con e-parent\" data-id=\"4e538d7\" data-element_type=\"container\" data-e-type=\"container\">\n\t\t\t\t\t<div class=\"e-con-inner\">\n\t\t\t\t<div class=\"elementor-element elementor-element-573a2c4 elementor-widget elementor-widget-image\" data-id=\"573a2c4\" data-element_type=\"widget\" data-e-type=\"widget\" data-widget_type=\"image.default\">\n\t\t\t\t<div class=\"elementor-widget-container\">\n\t\t\t\t\t\t\t\t\t\t\t\t\t\t\t<img fetchpriority=\"high\" decoding=\"async\" width=\"1024\" height=\"683\" src=\"https:\/\/pharmaciedegardetanger.site\/wp-content\/uploads\/2025\/04\/closeup-view-pharmacist-hand-taking-medicine-box-from-shelf-drug-store-1024x683.webp\" class=\"attachment-large size-large wp-image-535\" alt=\"pharmacie de garde tanger samedi nuit\" srcset=\"https:\/\/pharmaciedegardetanger.site\/wp-content\/uploads\/2025\/04\/closeup-view-pharmacist-hand-taking-medicine-box-from-shelf-drug-store-1024x683.webp 1024w, https:\/\/pharmaciedegardetanger.site\/wp-content\/uploads\/2025\/04\/closeup-view-pharmacist-hand-taking-medicine-box-from-shelf-drug-store-300x200.webp 300w, https:\/\/pharmaciedegardetanger.site\/wp-content\/uploads\/2025\/04\/closeup-view-pharmacist-hand-taking-medicine-box-from-shelf-drug-store-768x513.webp 768w, https:\/\/pharmaciedegardetanger.site\/wp-content\/uploads\/2025\/04\/closeup-view-pharmacist-hand-taking-medicine-box-from-shelf-drug-store-1536x1025.webp 1536w, https:\/\/pharmaciedegardetanger.site\/wp-content\/uploads\/2025\/04\/closeup-view-pharmacist-hand-taking-medicine-box-from-shelf-drug-store-2048x1367.webp 2048w\" sizes=\"(max-width: 1024px) 100vw, 1024px\" \/>\t\t\t\t\t\t\t\t\t\t\t\t\t\t\t<\/div>\n\t\t\t\t<\/div>\n\t\t\t\t\t<\/div>\n\t\t\t\t<\/div>\n\t\t<div class=\"elementor-element elementor-element-8290f9e e-flex e-con-boxed e-con e-parent\" data-id=\"8290f9e\" data-element_type=\"container\" data-e-type=\"container\">\n\t\t\t\t\t<div class=\"e-con-inner\">\n\t\t<div class=\"elementor-element elementor-element-f56a8a5 e-con-full e-flex e-con e-child\" data-id=\"f56a8a5\" data-element_type=\"container\" data-e-type=\"container\">\n\t\t<div class=\"elementor-element elementor-element-a42764c e-con-full e-flex e-con e-child\" data-id=\"a42764c\" data-element_type=\"container\" data-e-type=\"container\">\n\t\t<div class=\"elementor-element elementor-element-9e82fc1 e-con-full e-flex e-con e-child\" data-id=\"9e82fc1\" data-element_type=\"container\" data-e-type=\"container\">\n\t\t\t\t<div class=\"elementor-element elementor-element-18066c4 elementor-widget elementor-widget-heading\" data-id=\"18066c4\" data-element_type=\"widget\" data-e-type=\"widget\" data-widget_type=\"heading.default\">\n\t\t\t\t<div class=\"elementor-widget-container\">\n\t\t\t\t\t<h2 class=\"elementor-heading-title elementor-size-default\"> C\u2019est quoi une pharmacie de garde ?<\/h2>\t\t\t\t<\/div>\n\t\t\t\t<\/div>\n\t\t\t\t<div class=\"elementor-element elementor-element-c8b90e9 elementor-widget elementor-widget-text-editor\" data-id=\"c8b90e9\" data-element_type=\"widget\" data-e-type=\"widget\" data-widget_type=\"text-editor.default\">\n\t\t\t\t<div class=\"elementor-widget-container\">\n\t\t\t\t\t\t\t\t\t<p class=\"\" data-start=\"1707\" data-end=\"1815\">Une pharmacie de garde est une officine d\u00e9sign\u00e9e pour rester <strong data-start=\"1768\" data-end=\"1813\">ouverte en dehors des horaires classiques<\/strong> :<\/p>\n<ul data-start=\"1817\" data-end=\"1938\">\n<li class=\"\" data-start=\"1817\" data-end=\"1840\">\n<p class=\"\" data-start=\"1819\" data-end=\"1840\">La nuit (apr\u00e8s 20h)<\/p>\n<\/li>\n<li class=\"\" data-start=\"1841\" data-end=\"1856\">\n<p class=\"\" data-start=\"1843\" data-end=\"1856\">Le dimanche<\/p>\n<\/li>\n<li class=\"\" data-start=\"1857\" data-end=\"1877\">\n<p class=\"\" data-start=\"1859\" data-end=\"1877\">Les jours f\u00e9ri\u00e9s<\/p>\n<\/li>\n<li class=\"\" data-start=\"1878\" data-end=\"1938\">\n<p class=\"\" data-start=\"1880\" data-end=\"1938\">En cas de fermeture exceptionnelle des autres pharmacies<\/p>\n<\/li>\n<\/ul>\n<p class=\"\" data-start=\"1940\" data-end=\"2041\">Elle assure la <strong data-start=\"1955\" data-end=\"1979\">continuit\u00e9 des soins<\/strong> et permet aux citoyens d\u2019avoir acc\u00e8s aux traitements urgents.<\/p>\t\t\t\t\t\t\t\t<\/div>\n\t\t\t\t<\/div>\n\t\t\t\t<\/div>\n\t\t\t\t<\/div>\n\t\t\t\t<\/div>\n\t\t\t\t\t<\/div>\n\t\t\t\t<\/div>\n\t\t<div class=\"elementor-element elementor-element-c46cf22 e-flex e-con-boxed e-con e-parent\" data-id=\"c46cf22\" data-element_type=\"container\" data-e-type=\"container\">\n\t\t\t\t\t<div class=\"e-con-inner\">\n\t\t<div class=\"elementor-element elementor-element-20de7de e-con-full e-flex e-con e-child\" data-id=\"20de7de\" data-element_type=\"container\" data-e-type=\"container\">\n\t\t<div class=\"elementor-element elementor-element-590e3ad e-con-full e-flex e-con e-child\" data-id=\"590e3ad\" data-element_type=\"container\" data-e-type=\"container\">\n\t\t\t\t<div class=\"elementor-element elementor-element-f0b2771 elementor-widget elementor-widget-heading\" data-id=\"f0b2771\" data-element_type=\"widget\" data-e-type=\"widget\" data-widget_type=\"heading.default\">\n\t\t\t\t<div class=\"elementor-widget-container\">\n\t\t\t\t\t<h3 class=\"elementor-heading-title elementor-size-default\"> Service de livraison \u00e0 domicile \u00e0 Tanger :\n<\/h3>\t\t\t\t<\/div>\n\t\t\t\t<\/div>\n\t\t\t\t<div class=\"elementor-element elementor-element-f8adf6a elementor-widget elementor-widget-text-editor\" data-id=\"f8adf6a\" data-element_type=\"widget\" data-e-type=\"widget\" data-widget_type=\"text-editor.default\">\n\t\t\t\t<div class=\"elementor-widget-container\">\n\t\t\t\t\t\t\t\t\t<p class=\"\" data-start=\"2440\" data-end=\"2557\">Pas besoin de vous d\u00e9placer ! Profitez de notre <strong data-start=\"2488\" data-end=\"2538\">service de livraison de m\u00e9dicaments \u00e0 domicile<\/strong> partout \u00e0 Tanger :<\/p>\n<ul data-start=\"2559\" data-end=\"2703\">\n<li class=\"\" data-start=\"2559\" data-end=\"2603\">\n<p class=\"\" data-start=\"2561\" data-end=\"2603\">\u00a0Envoyez votre ordonnance via WhatsApp<\/p>\n<\/li>\n<li class=\"\" data-start=\"2641\" data-end=\"2674\">\n<p class=\"\" data-start=\"2643\" data-end=\"2674\">\u00a0Livraison rapide chez vous<\/p>\n<\/li>\n<li class=\"\" data-start=\"2675\" data-end=\"2703\">\n<p class=\"\" data-start=\"2677\" data-end=\"2703\">Paiement \u00e0 la r\u00e9ception<\/p>\n<\/li>\n<\/ul>\t\t\t\t\t\t\t\t<\/div>\n\t\t\t\t<\/div>\n\t\t\t\t<\/div>\n\t\t\t\t<\/div>\n\t\t\t\t\t<\/div>\n\t\t\t\t<\/div>\n\t\t<div class=\"elementor-element elementor-element-2e38784 e-flex e-con-boxed e-con e-parent\" data-id=\"2e38784\" data-element_type=\"container\" data-e-type=\"container\">\n\t\t\t\t\t<div class=\"e-con-inner\">\n\t\t\t\t<div class=\"elementor-element elementor-element-3b28aca elementor-align-center elementor-widget__width-initial elementor-widget elementor-widget-button\" data-id=\"3b28aca\" data-element_type=\"widget\" data-e-type=\"widget\" data-widget_type=\"button.default\">\n\t\t\t\t<div class=\"elementor-widget-container\">\n\t\t\t\t\t\t\t\t\t<div class=\"elementor-button-wrapper\">\n\t\t\t\t\t<a class=\"elementor-button elementor-button-link elementor-size-sm\" href=\"https:\/\/wa.me\/212712399328\">\n\t\t\t\t\t\t<span class=\"elementor-button-content-wrapper\">\n\t\t\t\t\t\t\t\t\t<span class=\"elementor-button-text\">Cliquez ici pour le service de livraison de m\u00e9dicaments \u00e0 domicile \u00e0 Tanger<\/span>\n\t\t\t\t\t<\/span>\n\t\t\t\t\t<\/a>\n\t\t\t\t<\/div>\n\t\t\t\t\t\t\t\t<\/div>\n\t\t\t\t<\/div>\n\t\t\t\t\t<\/div>\n\t\t\t\t<\/div>\n\t\t\t\t<\/div>","protected":false},"excerpt":{"rendered":"<p>pharmacie de garde tanger samedi nuit &#8211; Trouvez une pharmacie ouverte pr\u00e8s de chez vous Vous avez besoin de m\u00e9dicaments [&hellip;]<\/p>\n","protected":false},"author":1,"featured_media":0,"parent":0,"menu_order":0,"comment_status":"closed","ping_status":"closed","template":"","meta":{"_uag_custom_page_level_css":"","site-sidebar-layout":"no-sidebar","site-content-layout":"","ast-site-content-layout":"full-width-container","site-content-style":"default","site-sidebar-style":"default","ast-global-header-display":"","ast-banner-title-visibility":"","ast-main-header-display":"","ast-hfb-above-header-display":"","ast-hfb-below-header-display":"","ast-hfb-mobile-header-display":"","site-post-title":"disabled","ast-breadcrumbs-content":"","ast-featured-img":"disabled","footer-sml-layout":"","ast-disable-related-posts":"","theme-transparent-header-meta":"","adv-header-id-meta":"","stick-header-meta":"","header-above-stick-meta":"","header-main-stick-meta":"","header-below-stick-meta":"","astra-migrate-meta-layouts":"default","ast-page-background-enabled":"default","ast-page-background-meta":{"desktop":{"background-color":"var(--ast-global-color-4)","background-image":"","background-repeat":"repeat","background-position":"center center","background-size":"auto","background-attachment":"scroll","background-type":"","background-media":"","overlay-type":"","overlay-color":"","overlay-opacity":"","overlay-gradient":""},"tablet":{"background-color":"","background-image":"","background-repeat":"repeat","background-position":"center center","background-size":"auto","background-attachment":"scroll","background-type":"","background-media":"","overlay-type":"","overlay-color":"","overlay-opacity":"","overlay-gradient":""},"mobile":{"background-color":"","background-image":"","background-repeat":"repeat","background-position":"center center","background-size":"auto","background-attachment":"scroll","background-type":"","background-media":"","overlay-type":"","overlay-color":"","overlay-opacity":"","overlay-gradient":""}},"ast-content-background-meta":{"desktop":{"background-color":"var(--ast-global-color-5)","background-image":"","background-repeat":"repeat","background-position":"center center","background-size":"auto","background-attachment":"scroll","background-type":"","background-media":"","overlay-type":"","overlay-color":"","overlay-opacity":"","overlay-gradient":""},"tablet":{"background-color":"var(--ast-global-color-5)","background-image":"","background-repeat":"repeat","background-position":"center center","background-size":"auto","background-attachment":"scroll","background-type":"","background-media":"","overlay-type":"","overlay-color":"","overlay-opacity":"","overlay-gradient":""},"mobile":{"background-color":"var(--ast-global-color-5)","background-image":"","background-repeat":"repeat","background-position":"center center","background-size":"auto","background-attachment":"scroll","background-type":"","background-media":"","overlay-type":"","overlay-color":"","overlay-opacity":"","overlay-gradient":""}},"footnotes":""},"class_list":["post-582","page","type-page","status-publish","hentry"],"yoast_head":"<!-- This site is optimized with the Yoast SEO plugin v27.6 - https:\/\/yoast.com\/product\/yoast-seo-wordpress\/ -->\n<title>pharmacie de garde tanger samedi nuit<\/title>\n<meta name=\"description\" content=\"Voici la liste des pharmacie de garde tanger samedi nuit , Nous proposons un service de livraison de m\u00e9dicaments \u00e0 domicile 0712399328.\" \/>\n<meta name=\"robots\" content=\"index, follow, max-snippet:-1, max-image-preview:large, max-video-preview:-1\" \/>\n<link rel=\"canonical\" href=\"https:\/\/pharmaciedegardetanger.site\/en\/pharmacie-de-garde-tanger-samedi-nuit\/\" \/>\n<meta property=\"og:locale\" content=\"en_US\" \/>\n<meta property=\"og:type\" content=\"article\" \/>\n<meta property=\"og:title\" content=\"pharmacie de garde tanger samedi nuit\" \/>\n<meta property=\"og:description\" content=\"Voici la liste des pharmacie de garde tanger samedi nuit , Nous proposons un service de livraison de m\u00e9dicaments \u00e0 domicile 0712399328.\" \/>\n<meta property=\"og:url\" content=\"https:\/\/pharmaciedegardetanger.site\/en\/pharmacie-de-garde-tanger-samedi-nuit\/\" \/>\n<meta property=\"og:site_name\" content=\"Pharmacie de garde Tanger\" \/>\n<meta property=\"article:modified_time\" content=\"2025-09-26T09:37:12+00:00\" \/>\n<meta property=\"og:image\" content=\"http:\/\/pharmaciedegardetanger.site\/wp-content\/uploads\/2025\/04\/closeup-view-pharmacist-hand-taking-medicine-box-from-shelf-drug-store-1024x683.webp\" \/>\n<meta name=\"twitter:card\" content=\"summary_large_image\" \/>\n<meta name=\"twitter:label1\" content=\"Est. reading time\" \/>\n\t<meta name=\"twitter:data1\" content=\"2 minutes\" \/>\n<script type=\"application\/ld+json\" class=\"yoast-schema-graph\">{\"@context\":\"https:\\\/\\\/schema.org\",\"@graph\":[{\"@type\":\"WebPage\",\"@id\":\"https:\\\/\\\/pharmaciedegardetanger.site\\\/pharmacie-de-garde-tanger-samedi-nuit\\\/\",\"url\":\"https:\\\/\\\/pharmaciedegardetanger.site\\\/pharmacie-de-garde-tanger-samedi-nuit\\\/\",\"name\":\"pharmacie de garde tanger samedi nuit\",\"isPartOf\":{\"@id\":\"https:\\\/\\\/pharmaciedegardetanger.site\\\/#website\"},\"primaryImageOfPage\":{\"@id\":\"https:\\\/\\\/pharmaciedegardetanger.site\\\/pharmacie-de-garde-tanger-samedi-nuit\\\/#primaryimage\"},\"image\":{\"@id\":\"https:\\\/\\\/pharmaciedegardetanger.site\\\/pharmacie-de-garde-tanger-samedi-nuit\\\/#primaryimage\"},\"thumbnailUrl\":\"http:\\\/\\\/pharmaciedegardetanger.site\\\/wp-content\\\/uploads\\\/2025\\\/04\\\/closeup-view-pharmacist-hand-taking-medicine-box-from-shelf-drug-store-1024x683.webp\",\"datePublished\":\"2025-04-22T23:30:49+00:00\",\"dateModified\":\"2025-09-26T09:37:12+00:00\",\"description\":\"Voici la liste des pharmacie de garde tanger samedi nuit , Nous proposons un service de livraison de m\u00e9dicaments \u00e0 domicile 0712399328.\",\"breadcrumb\":{\"@id\":\"https:\\\/\\\/pharmaciedegardetanger.site\\\/pharmacie-de-garde-tanger-samedi-nuit\\\/#breadcrumb\"},\"inLanguage\":\"en-US\",\"potentialAction\":[{\"@type\":\"ReadAction\",\"target\":[\"https:\\\/\\\/pharmaciedegardetanger.site\\\/pharmacie-de-garde-tanger-samedi-nuit\\\/\"]}]},{\"@type\":\"ImageObject\",\"inLanguage\":\"en-US\",\"@id\":\"https:\\\/\\\/pharmaciedegardetanger.site\\\/pharmacie-de-garde-tanger-samedi-nuit\\\/#primaryimage\",\"url\":\"http:\\\/\\\/pharmaciedegardetanger.site\\\/wp-content\\\/uploads\\\/2025\\\/04\\\/closeup-view-pharmacist-hand-taking-medicine-box-from-shelf-drug-store-1024x683.webp\",\"contentUrl\":\"http:\\\/\\\/pharmaciedegardetanger.site\\\/wp-content\\\/uploads\\\/2025\\\/04\\\/closeup-view-pharmacist-hand-taking-medicine-box-from-shelf-drug-store-1024x683.webp\"},{\"@type\":\"BreadcrumbList\",\"@id\":\"https:\\\/\\\/pharmaciedegardetanger.site\\\/pharmacie-de-garde-tanger-samedi-nuit\\\/#breadcrumb\",\"itemListElement\":[{\"@type\":\"ListItem\",\"position\":1,\"name\":\"Home\",\"item\":\"https:\\\/\\\/pharmaciedegardetanger.site\\\/\"},{\"@type\":\"ListItem\",\"position\":2,\"name\":\"pharmacie de garde tanger samedi nuit\"}]},{\"@type\":\"WebSite\",\"@id\":\"https:\\\/\\\/pharmaciedegardetanger.site\\\/#website\",\"url\":\"https:\\\/\\\/pharmaciedegardetanger.site\\\/\",\"name\":\"Pharmacie de garde Tanger\",\"description\":\"\u0635\u064a\u062f\u0644\u064a\u0629 \u0627\u0644\u062d\u0631\u0627\u0633\u0629 \u0628\u0645\u062f\u064a\u0646\u0629 \u0637\u0646\u062c\u0629\",\"publisher\":{\"@id\":\"https:\\\/\\\/pharmaciedegardetanger.site\\\/#organization\"},\"potentialAction\":[{\"@type\":\"SearchAction\",\"target\":{\"@type\":\"EntryPoint\",\"urlTemplate\":\"https:\\\/\\\/pharmaciedegardetanger.site\\\/?s={search_term_string}\"},\"query-input\":{\"@type\":\"PropertyValueSpecification\",\"valueRequired\":true,\"valueName\":\"search_term_string\"}}],\"inLanguage\":\"en-US\"},{\"@type\":\"Organization\",\"@id\":\"https:\\\/\\\/pharmaciedegardetanger.site\\\/#organization\",\"name\":\"Pharmacie de garde Tanger\",\"url\":\"https:\\\/\\\/pharmaciedegardetanger.site\\\/\",\"logo\":{\"@type\":\"ImageObject\",\"inLanguage\":\"en-US\",\"@id\":\"https:\\\/\\\/pharmaciedegardetanger.site\\\/#\\\/schema\\\/logo\\\/image\\\/\",\"url\":\"https:\\\/\\\/pharmaciedegardetanger.site\\\/wp-content\\\/uploads\\\/2025\\\/04\\\/pharmacie-de-garde-tanger.png\",\"contentUrl\":\"https:\\\/\\\/pharmaciedegardetanger.site\\\/wp-content\\\/uploads\\\/2025\\\/04\\\/pharmacie-de-garde-tanger.png\",\"width\":512,\"height\":512,\"caption\":\"Pharmacie de garde Tanger\"},\"image\":{\"@id\":\"https:\\\/\\\/pharmaciedegardetanger.site\\\/#\\\/schema\\\/logo\\\/image\\\/\"}}]}<\/script>\n<!-- \/ Yoast SEO plugin. -->","yoast_head_json":{"title":"pharmacie de garde tanger samedi nuit","description":"Voici la liste des pharmacie de garde tanger samedi nuit , Nous proposons un service de livraison de m\u00e9dicaments \u00e0 domicile 0712399328.","robots":{"index":"index","follow":"follow","max-snippet":"max-snippet:-1","max-image-preview":"max-image-preview:large","max-video-preview":"max-video-preview:-1"},"canonical":"https:\/\/pharmaciedegardetanger.site\/en\/pharmacie-de-garde-tanger-samedi-nuit\/","og_locale":"en_US","og_type":"article","og_title":"pharmacie de garde tanger samedi nuit","og_description":"Voici la liste des pharmacie de garde tanger samedi nuit , Nous proposons un service de livraison de m\u00e9dicaments \u00e0 domicile 0712399328.","og_url":"https:\/\/pharmaciedegardetanger.site\/en\/pharmacie-de-garde-tanger-samedi-nuit\/","og_site_name":"Pharmacie de garde Tanger","article_modified_time":"2025-09-26T09:37:12+00:00","og_image":[{"url":"http:\/\/pharmaciedegardetanger.site\/wp-content\/uploads\/2025\/04\/closeup-view-pharmacist-hand-taking-medicine-box-from-shelf-drug-store-1024x683.webp","type":"","width":"","height":""}],"twitter_card":"summary_large_image","twitter_misc":{"Est. reading time":"2 minutes"},"schema":{"@context":"https:\/\/schema.org","@graph":[{"@type":"WebPage","@id":"https:\/\/pharmaciedegardetanger.site\/pharmacie-de-garde-tanger-samedi-nuit\/","url":"https:\/\/pharmaciedegardetanger.site\/pharmacie-de-garde-tanger-samedi-nuit\/","name":"pharmacie de garde tanger samedi nuit","isPartOf":{"@id":"https:\/\/pharmaciedegardetanger.site\/#website"},"primaryImageOfPage":{"@id":"https:\/\/pharmaciedegardetanger.site\/pharmacie-de-garde-tanger-samedi-nuit\/#primaryimage"},"image":{"@id":"https:\/\/pharmaciedegardetanger.site\/pharmacie-de-garde-tanger-samedi-nuit\/#primaryimage"},"thumbnailUrl":"http:\/\/pharmaciedegardetanger.site\/wp-content\/uploads\/2025\/04\/closeup-view-pharmacist-hand-taking-medicine-box-from-shelf-drug-store-1024x683.webp","datePublished":"2025-04-22T23:30:49+00:00","dateModified":"2025-09-26T09:37:12+00:00","description":"Voici la liste des pharmacie de garde tanger samedi nuit , Nous proposons un service de livraison de m\u00e9dicaments \u00e0 domicile 0712399328.","breadcrumb":{"@id":"https:\/\/pharmaciedegardetanger.site\/pharmacie-de-garde-tanger-samedi-nuit\/#breadcrumb"},"inLanguage":"en-US","potentialAction":[{"@type":"ReadAction","target":["https:\/\/pharmaciedegardetanger.site\/pharmacie-de-garde-tanger-samedi-nuit\/"]}]},{"@type":"ImageObject","inLanguage":"en-US","@id":"https:\/\/pharmaciedegardetanger.site\/pharmacie-de-garde-tanger-samedi-nuit\/#primaryimage","url":"http:\/\/pharmaciedegardetanger.site\/wp-content\/uploads\/2025\/04\/closeup-view-pharmacist-hand-taking-medicine-box-from-shelf-drug-store-1024x683.webp","contentUrl":"http:\/\/pharmaciedegardetanger.site\/wp-content\/uploads\/2025\/04\/closeup-view-pharmacist-hand-taking-medicine-box-from-shelf-drug-store-1024x683.webp"},{"@type":"BreadcrumbList","@id":"https:\/\/pharmaciedegardetanger.site\/pharmacie-de-garde-tanger-samedi-nuit\/#breadcrumb","itemListElement":[{"@type":"ListItem","position":1,"name":"Home","item":"https:\/\/pharmaciedegardetanger.site\/"},{"@type":"ListItem","position":2,"name":"pharmacie de garde tanger samedi nuit"}]},{"@type":"WebSite","@id":"https:\/\/pharmaciedegardetanger.site\/#website","url":"https:\/\/pharmaciedegardetanger.site\/","name":"Pharmacie de garde Tanger","description":"\u0635\u064a\u062f\u0644\u064a\u0629 \u0627\u0644\u062d\u0631\u0627\u0633\u0629 \u0628\u0645\u062f\u064a\u0646\u0629 \u0637\u0646\u062c\u0629","publisher":{"@id":"https:\/\/pharmaciedegardetanger.site\/#organization"},"potentialAction":[{"@type":"SearchAction","target":{"@type":"EntryPoint","urlTemplate":"https:\/\/pharmaciedegardetanger.site\/?s={search_term_string}"},"query-input":{"@type":"PropertyValueSpecification","valueRequired":true,"valueName":"search_term_string"}}],"inLanguage":"en-US"},{"@type":"Organization","@id":"https:\/\/pharmaciedegardetanger.site\/#organization","name":"Pharmacie de garde Tanger","url":"https:\/\/pharmaciedegardetanger.site\/","logo":{"@type":"ImageObject","inLanguage":"en-US","@id":"https:\/\/pharmaciedegardetanger.site\/#\/schema\/logo\/image\/","url":"https:\/\/pharmaciedegardetanger.site\/wp-content\/uploads\/2025\/04\/pharmacie-de-garde-tanger.png","contentUrl":"https:\/\/pharmaciedegardetanger.site\/wp-content\/uploads\/2025\/04\/pharmacie-de-garde-tanger.png","width":512,"height":512,"caption":"Pharmacie de garde Tanger"},"image":{"@id":"https:\/\/pharmaciedegardetanger.site\/#\/schema\/logo\/image\/"}}]}},"uagb_featured_image_src":{"full":false,"thumbnail":false,"medium":false,"medium_large":false,"large":false,"1536x1536":false,"2048x2048":false,"trp-custom-language-flag":false},"uagb_author_info":{"display_name":"sara manar","author_link":"https:\/\/pharmaciedegardetanger.site\/en\/author\/sara-manar\/"},"uagb_comment_info":0,"uagb_excerpt":"pharmacie de garde tanger samedi nuit &#8211; Trouvez une pharmacie ouverte pr\u00e8s de chez vous Vous avez besoin de m\u00e9dicaments [&hellip;]","_links":{"self":[{"href":"https:\/\/pharmaciedegardetanger.site\/en\/wp-json\/wp\/v2\/pages\/582","targetHints":{"allow":["GET"]}}],"collection":[{"href":"https:\/\/pharmaciedegardetanger.site\/en\/wp-json\/wp\/v2\/pages"}],"about":[{"href":"https:\/\/pharmaciedegardetanger.site\/en\/wp-json\/wp\/v2\/types\/page"}],"author":[{"embeddable":true,"href":"https:\/\/pharmaciedegardetanger.site\/en\/wp-json\/wp\/v2\/users\/1"}],"replies":[{"embeddable":true,"href":"https:\/\/pharmaciedegardetanger.site\/en\/wp-json\/wp\/v2\/comments?post=582"}],"version-history":[{"count":7,"href":"https:\/\/pharmaciedegardetanger.site\/en\/wp-json\/wp\/v2\/pages\/582\/revisions"}],"predecessor-version":[{"id":880,"href":"https:\/\/pharmaciedegardetanger.site\/en\/wp-json\/wp\/v2\/pages\/582\/revisions\/880"}],"wp:attachment":[{"href":"https:\/\/pharmaciedegardetanger.site\/en\/wp-json\/wp\/v2\/media?parent=582"}],"curies":[{"name":"wp","href":"https:\/\/api.w.org\/{rel}","templated":true}]}}